{"id":307634,"date":"2024-03-02T03:53:15","date_gmt":"2024-03-02T02:53:15","guid":{"rendered":"https:\/\/shop.larus.ch\/product\/maison-en-bloc-de-madriers-jana\/"},"modified":"2026-04-19T03:05:42","modified_gmt":"2026-04-19T01:05:42","slug":"maison-en-bloc-de-madriers-jana","status":"publish","type":"product","link":"https:\/\/shop.larus.ch\/fr\/product\/maison-en-bloc-de-madriers-jana\/","title":{"rendered":"Maison en bloc de madriers Jana"},"content":{"rendered":"<p>Maison en bloc de madriers Jana<br \/>\u00e9pic\u00e9a massif, non trait\u00e9, madriers 28 mm, planches de toit 16 mm, avec porte coulissante verrouillable, sans carton bitum\u00e9, sans fond<\/p>\n","protected":false},"excerpt":{"rendered":"<p>Maison en bloc de madriers Jana<br \/>\u00e9pic\u00e9a massif, non trait\u00e9, madriers 28 mm, planches de toit 16 mm, avec porte coulissante verrouillable, sans carton bitum\u00e9, sans fond<\/p>\n","protected":false},"featured_media":326640,"template":"","meta":[],"product_cat":[59469],"product_tag":[],"_links":{"self":[{"href":"https:\/\/shop.larus.ch\/fr\/wp-json\/wp\/v2\/product\/307634"}],"collection":[{"href":"https:\/\/shop.larus.ch\/fr\/wp-json\/wp\/v2\/product"}],"about":[{"href":"https:\/\/shop.larus.ch\/fr\/wp-json\/wp\/v2\/types\/product"}],"wp:featuredmedia":[{"embeddable":true,"href":"https:\/\/shop.larus.ch\/fr\/wp-json\/wp\/v2\/media\/326640"}],"wp:attachment":[{"href":"https:\/\/shop.larus.ch\/fr\/wp-json\/wp\/v2\/media?parent=307634"}],"wp:term":[{"taxonomy":"product_cat","embeddable":true,"href":"https:\/\/shop.larus.ch\/fr\/wp-json\/wp\/v2\/product_cat?post=307634"},{"taxonomy":"product_tag","embeddable":true,"href":"https:\/\/shop.larus.ch\/fr\/wp-json\/wp\/v2\/product_tag?post=307634"}],"curies":[{"name":"wp","href":"https:\/\/api.w.org\/{rel}","templated":true}]}}