{"id":307626,"date":"2024-03-02T03:51:58","date_gmt":"2024-03-02T02:51:58","guid":{"rendered":"https:\/\/shop.larus.ch\/product\/mats-pont\/"},"modified":"2026-04-19T03:11:47","modified_gmt":"2026-04-19T01:11:47","slug":"mats-pont","status":"publish","type":"product","link":"https:\/\/shop.larus.ch\/fr\/product\/mats-pont\/","title":{"rendered":"Mats pont"},"content":{"rendered":"<p>Syst\u00e8me de jeux Mats pont, \u00e9pic\u00e9a impr\u00e9gn\u00e9 brun, Kit avec vis <\/p>\n","protected":false},"excerpt":{"rendered":"<p>Syst\u00e8me de jeux Mats pont, \u00e9pic\u00e9a impr\u00e9gn\u00e9 brun, Kit avec vis <\/p>\n","protected":false},"featured_media":323559,"template":"","meta":[],"product_cat":[61165],"product_tag":[],"_links":{"self":[{"href":"https:\/\/shop.larus.ch\/fr\/wp-json\/wp\/v2\/product\/307626"}],"collection":[{"href":"https:\/\/shop.larus.ch\/fr\/wp-json\/wp\/v2\/product"}],"about":[{"href":"https:\/\/shop.larus.ch\/fr\/wp-json\/wp\/v2\/types\/product"}],"wp:featuredmedia":[{"embeddable":true,"href":"https:\/\/shop.larus.ch\/fr\/wp-json\/wp\/v2\/media\/323559"}],"wp:attachment":[{"href":"https:\/\/shop.larus.ch\/fr\/wp-json\/wp\/v2\/media?parent=307626"}],"wp:term":[{"taxonomy":"product_cat","embeddable":true,"href":"https:\/\/shop.larus.ch\/fr\/wp-json\/wp\/v2\/product_cat?post=307626"},{"taxonomy":"product_tag","embeddable":true,"href":"https:\/\/shop.larus.ch\/fr\/wp-json\/wp\/v2\/product_tag?post=307626"}],"curies":[{"name":"wp","href":"https:\/\/api.w.org\/{rel}","templated":true}]}}