{"id":307622,"date":"2024-03-02T03:51:57","date_gmt":"2024-03-02T02:51:57","guid":{"rendered":"https:\/\/shop.larus.ch\/product\/mats-mur-descalade\/"},"modified":"2026-04-19T03:06:22","modified_gmt":"2026-04-19T01:06:22","slug":"mats-mur-descalade","status":"publish","type":"product","link":"https:\/\/shop.larus.ch\/fr\/product\/mats-mur-descalade\/","title":{"rendered":"Mats mur d\u00b4escalade"},"content":{"rendered":"<p>Syst\u00e8me de jeux Mats mur d\u00b4escalade, \u00e9pic\u00e9a impr\u00e9gn\u00e9 brun, Kit avec vis et pierres \u00e0 grimper<\/p>\n","protected":false},"excerpt":{"rendered":"<p>Syst\u00e8me de jeux Mats mur d\u00b4escalade, \u00e9pic\u00e9a impr\u00e9gn\u00e9 brun, Kit avec vis et pierres \u00e0 grimper<\/p>\n","protected":false},"featured_media":323081,"template":"","meta":[],"product_cat":[61165],"product_tag":[],"_links":{"self":[{"href":"https:\/\/shop.larus.ch\/fr\/wp-json\/wp\/v2\/product\/307622"}],"collection":[{"href":"https:\/\/shop.larus.ch\/fr\/wp-json\/wp\/v2\/product"}],"about":[{"href":"https:\/\/shop.larus.ch\/fr\/wp-json\/wp\/v2\/types\/product"}],"wp:featuredmedia":[{"embeddable":true,"href":"https:\/\/shop.larus.ch\/fr\/wp-json\/wp\/v2\/media\/323081"}],"wp:attachment":[{"href":"https:\/\/shop.larus.ch\/fr\/wp-json\/wp\/v2\/media?parent=307622"}],"wp:term":[{"taxonomy":"product_cat","embeddable":true,"href":"https:\/\/shop.larus.ch\/fr\/wp-json\/wp\/v2\/product_cat?post=307622"},{"taxonomy":"product_tag","embeddable":true,"href":"https:\/\/shop.larus.ch\/fr\/wp-json\/wp\/v2\/product_tag?post=307622"}],"curies":[{"name":"wp","href":"https:\/\/api.w.org\/{rel}","templated":true}]}}