{"id":307618,"date":"2024-03-02T03:51:56","date_gmt":"2024-03-02T02:51:56","guid":{"rendered":"https:\/\/shop.larus.ch\/product\/mats-balanoire-adoss\/"},"modified":"2026-04-19T03:06:46","modified_gmt":"2026-04-19T01:06:46","slug":"mats-balanoire-adoss","status":"publish","type":"product","link":"https:\/\/shop.larus.ch\/fr\/product\/mats-balanoire-adoss\/","title":{"rendered":"Mats balan\u00e7oire adoss\u00e9"},"content":{"rendered":"<p>Syst\u00e8me de jeux Mats el\u00e9ment de balan\u00e7oire, \u00e9pic\u00e9a impr\u00e9gn\u00e9 brun, Kit avec vis et 2 si\u00e8ges <\/p>\n","protected":false},"excerpt":{"rendered":"<p>Syst\u00e8me de jeux Mats el\u00e9ment de balan\u00e7oire, \u00e9pic\u00e9a impr\u00e9gn\u00e9 brun, Kit avec vis et 2 si\u00e8ges <\/p>\n","protected":false},"featured_media":323175,"template":"","meta":[],"product_cat":[61165],"product_tag":[],"_links":{"self":[{"href":"https:\/\/shop.larus.ch\/fr\/wp-json\/wp\/v2\/product\/307618"}],"collection":[{"href":"https:\/\/shop.larus.ch\/fr\/wp-json\/wp\/v2\/product"}],"about":[{"href":"https:\/\/shop.larus.ch\/fr\/wp-json\/wp\/v2\/types\/product"}],"wp:featuredmedia":[{"embeddable":true,"href":"https:\/\/shop.larus.ch\/fr\/wp-json\/wp\/v2\/media\/323175"}],"wp:attachment":[{"href":"https:\/\/shop.larus.ch\/fr\/wp-json\/wp\/v2\/media?parent=307618"}],"wp:term":[{"taxonomy":"product_cat","embeddable":true,"href":"https:\/\/shop.larus.ch\/fr\/wp-json\/wp\/v2\/product_cat?post=307618"},{"taxonomy":"product_tag","embeddable":true,"href":"https:\/\/shop.larus.ch\/fr\/wp-json\/wp\/v2\/product_tag?post=307618"}],"curies":[{"name":"wp","href":"https:\/\/api.w.org\/{rel}","templated":true}]}}