{"id":307612,"date":"2024-03-02T03:51:54","date_gmt":"2024-03-02T02:51:54","guid":{"rendered":"https:\/\/shop.larus.ch\/product\/mats-kit-de-base\/"},"modified":"2026-04-19T03:00:05","modified_gmt":"2026-04-19T01:00:05","slug":"mats-kit-de-base","status":"publish","type":"product","link":"https:\/\/shop.larus.ch\/fr\/product\/mats-kit-de-base\/","title":{"rendered":"Mats kit de base"},"content":{"rendered":"<p>Syst\u00e8me de jeux Mats kit de base, \u00e9pic\u00e9a impr\u00e9gn\u00e9 brun, Kit avec vis, sans toboggan   <\/p>\n","protected":false},"excerpt":{"rendered":"<p>Syst\u00e8me de jeux Mats kit de base, \u00e9pic\u00e9a impr\u00e9gn\u00e9 brun, Kit avec vis, sans toboggan   <\/p>\n","protected":false},"featured_media":326536,"template":"","meta":[],"product_cat":[61165],"product_tag":[],"_links":{"self":[{"href":"https:\/\/shop.larus.ch\/fr\/wp-json\/wp\/v2\/product\/307612"}],"collection":[{"href":"https:\/\/shop.larus.ch\/fr\/wp-json\/wp\/v2\/product"}],"about":[{"href":"https:\/\/shop.larus.ch\/fr\/wp-json\/wp\/v2\/types\/product"}],"wp:featuredmedia":[{"embeddable":true,"href":"https:\/\/shop.larus.ch\/fr\/wp-json\/wp\/v2\/media\/326536"}],"wp:attachment":[{"href":"https:\/\/shop.larus.ch\/fr\/wp-json\/wp\/v2\/media?parent=307612"}],"wp:term":[{"taxonomy":"product_cat","embeddable":true,"href":"https:\/\/shop.larus.ch\/fr\/wp-json\/wp\/v2\/product_cat?post=307612"},{"taxonomy":"product_tag","embeddable":true,"href":"https:\/\/shop.larus.ch\/fr\/wp-json\/wp\/v2\/product_tag?post=307612"}],"curies":[{"name":"wp","href":"https:\/\/api.w.org\/{rel}","templated":true}]}}