{"id":296557,"date":"2023-02-11T03:52:55","date_gmt":"2023-02-11T02:52:55","guid":{"rendered":"https:\/\/shop.larus.ch\/product\/remise-outils-erich\/"},"modified":"2026-04-19T03:06:57","modified_gmt":"2026-04-19T01:06:57","slug":"remise-outils-erich","status":"publish","type":"product","link":"https:\/\/shop.larus.ch\/fr\/product\/remise-outils-erich\/","title":{"rendered":"Remise \u00e0 outils Erich"},"content":{"rendered":"<p>Remise \u00e0 outils Erich<br \/>planches 12mm naturelles, \u00e9l\u00e9ments de paroi pr\u00e9fabriqu\u00e9s, porte double 104x179cm (BxH). cm, avec lattes de fond, avec carton bitum\u00e9<\/p>\n","protected":false},"excerpt":{"rendered":"<p>Remise \u00e0 outils Erich<br \/>planches 12mm naturelles, \u00e9l\u00e9ments de paroi pr\u00e9fabriqu\u00e9s, porte double 104x179cm (BxH). cm, avec lattes de fond, avec carton bitum\u00e9<\/p>\n","protected":false},"featured_media":323197,"template":"","meta":[],"product_cat":[59475],"product_tag":[],"_links":{"self":[{"href":"https:\/\/shop.larus.ch\/fr\/wp-json\/wp\/v2\/product\/296557"}],"collection":[{"href":"https:\/\/shop.larus.ch\/fr\/wp-json\/wp\/v2\/product"}],"about":[{"href":"https:\/\/shop.larus.ch\/fr\/wp-json\/wp\/v2\/types\/product"}],"wp:featuredmedia":[{"embeddable":true,"href":"https:\/\/shop.larus.ch\/fr\/wp-json\/wp\/v2\/media\/323197"}],"wp:attachment":[{"href":"https:\/\/shop.larus.ch\/fr\/wp-json\/wp\/v2\/media?parent=296557"}],"wp:term":[{"taxonomy":"product_cat","embeddable":true,"href":"https:\/\/shop.larus.ch\/fr\/wp-json\/wp\/v2\/product_cat?post=296557"},{"taxonomy":"product_tag","embeddable":true,"href":"https:\/\/shop.larus.ch\/fr\/wp-json\/wp\/v2\/product_tag?post=296557"}],"curies":[{"name":"wp","href":"https:\/\/api.w.org\/{rel}","templated":true}]}}