{"id":296549,"date":"2023-02-11T03:52:01","date_gmt":"2023-02-11T02:52:01","guid":{"rendered":"https:\/\/shop.larus.ch\/product\/jardinire-mlze-naturel\/"},"modified":"2026-04-19T03:16:32","modified_gmt":"2026-04-19T01:16:32","slug":"jardinire-mlze-naturel","status":"publish","type":"product","link":"https:\/\/shop.larus.ch\/fr\/product\/jardinire-mlze-naturel\/","title":{"rendered":"Jardini\u00e8re m\u00e9l\u00e8ze naturel"},"content":{"rendered":"<p>Jardini\u00e8res en m\u00e9l\u00e8ze<br \/>en bois \u00e9quarri 5.0\/6.0 cm, rev\u00eatu de feuille v\u00e9g\u00e9tale, naturel<\/p>\n","protected":false},"excerpt":{"rendered":"<p>Jardini\u00e8res en m\u00e9l\u00e8ze<br \/>en bois \u00e9quarri 5.0\/6.0 cm, rev\u00eatu de feuille v\u00e9g\u00e9tale, naturel<\/p>\n","protected":false},"featured_media":325944,"template":"","meta":[],"product_cat":[59411],"product_tag":[],"_links":{"self":[{"href":"https:\/\/shop.larus.ch\/fr\/wp-json\/wp\/v2\/product\/296549"}],"collection":[{"href":"https:\/\/shop.larus.ch\/fr\/wp-json\/wp\/v2\/product"}],"about":[{"href":"https:\/\/shop.larus.ch\/fr\/wp-json\/wp\/v2\/types\/product"}],"wp:featuredmedia":[{"embeddable":true,"href":"https:\/\/shop.larus.ch\/fr\/wp-json\/wp\/v2\/media\/325944"}],"wp:attachment":[{"href":"https:\/\/shop.larus.ch\/fr\/wp-json\/wp\/v2\/media?parent=296549"}],"wp:term":[{"taxonomy":"product_cat","embeddable":true,"href":"https:\/\/shop.larus.ch\/fr\/wp-json\/wp\/v2\/product_cat?post=296549"},{"taxonomy":"product_tag","embeddable":true,"href":"https:\/\/shop.larus.ch\/fr\/wp-json\/wp\/v2\/product_tag?post=296549"}],"curies":[{"name":"wp","href":"https:\/\/api.w.org\/{rel}","templated":true}]}}