{"id":296511,"date":"2023-02-11T03:47:23","date_gmt":"2023-02-11T02:47:23","guid":{"rendered":"https:\/\/shop.larus.ch\/product\/supplment-pour-plaque-de-base-soude-au-poteau-en-acier-corten\/"},"modified":"2026-04-18T03:10:55","modified_gmt":"2026-04-18T01:10:55","slug":"supplment-pour-plaque-de-base-soude-au-poteau-en-acier-corten","status":"publish","type":"product","link":"https:\/\/shop.larus.ch\/fr\/product\/supplment-pour-plaque-de-base-soude-au-poteau-en-acier-corten\/","title":{"rendered":"Suppl\u00e9ment pour plaque de base soud\u00e9e au poteau en acier corten"},"content":{"rendered":"<p>Suppl\u00e9ment pour plaque de base soud\u00e9e au poteau en acier corten<\/p>\n","protected":false},"excerpt":{"rendered":"<p>Suppl\u00e9ment pour plaque de base soud\u00e9e au poteau en acier corten<\/p>\n","protected":false},"featured_media":325298,"template":"","meta":[],"product_cat":[61017],"product_tag":[],"_links":{"self":[{"href":"https:\/\/shop.larus.ch\/fr\/wp-json\/wp\/v2\/product\/296511"}],"collection":[{"href":"https:\/\/shop.larus.ch\/fr\/wp-json\/wp\/v2\/product"}],"about":[{"href":"https:\/\/shop.larus.ch\/fr\/wp-json\/wp\/v2\/types\/product"}],"wp:featuredmedia":[{"embeddable":true,"href":"https:\/\/shop.larus.ch\/fr\/wp-json\/wp\/v2\/media\/325298"}],"wp:attachment":[{"href":"https:\/\/shop.larus.ch\/fr\/wp-json\/wp\/v2\/media?parent=296511"}],"wp:term":[{"taxonomy":"product_cat","embeddable":true,"href":"https:\/\/shop.larus.ch\/fr\/wp-json\/wp\/v2\/product_cat?post=296511"},{"taxonomy":"product_tag","embeddable":true,"href":"https:\/\/shop.larus.ch\/fr\/wp-json\/wp\/v2\/product_tag?post=296511"}],"curies":[{"name":"wp","href":"https:\/\/api.w.org\/{rel}","templated":true}]}}