{"id":296503,"date":"2023-02-11T03:47:22","date_gmt":"2023-02-11T02:47:22","guid":{"rendered":"https:\/\/shop.larus.ch\/product\/bois-rond-en-pica-imprgn-de-poteaux-en-acier-corten\/"},"modified":"2026-04-16T03:10:11","modified_gmt":"2026-04-16T01:10:11","slug":"bois-rond-en-pica-imprgn-de-poteaux-en-acier-corten","status":"publish","type":"product","link":"https:\/\/shop.larus.ch\/fr\/product\/bois-rond-en-pica-imprgn-de-poteaux-en-acier-corten\/","title":{"rendered":"bois rond en \u00e9pic\u00e9a impr\u00e9gn\u00e9 de poteaux en acier corten"},"content":{"rendered":"<p>bois rond en \u00e9pic\u00e9a impr\u00e9gn\u00e9 de poteaux en acier corten<\/p>\n","protected":false},"excerpt":{"rendered":"<p>bois rond en \u00e9pic\u00e9a impr\u00e9gn\u00e9 de poteaux en acier corten<\/p>\n","protected":false},"featured_media":324674,"template":"","meta":[],"product_cat":[61015],"product_tag":[],"_links":{"self":[{"href":"https:\/\/shop.larus.ch\/fr\/wp-json\/wp\/v2\/product\/296503"}],"collection":[{"href":"https:\/\/shop.larus.ch\/fr\/wp-json\/wp\/v2\/product"}],"about":[{"href":"https:\/\/shop.larus.ch\/fr\/wp-json\/wp\/v2\/types\/product"}],"wp:featuredmedia":[{"embeddable":true,"href":"https:\/\/shop.larus.ch\/fr\/wp-json\/wp\/v2\/media\/324674"}],"wp:attachment":[{"href":"https:\/\/shop.larus.ch\/fr\/wp-json\/wp\/v2\/media?parent=296503"}],"wp:term":[{"taxonomy":"product_cat","embeddable":true,"href":"https:\/\/shop.larus.ch\/fr\/wp-json\/wp\/v2\/product_cat?post=296503"},{"taxonomy":"product_tag","embeddable":true,"href":"https:\/\/shop.larus.ch\/fr\/wp-json\/wp\/v2\/product_tag?post=296503"}],"curies":[{"name":"wp","href":"https:\/\/api.w.org\/{rel}","templated":true}]}}