{"id":291251,"date":"2022-04-09T03:50:07","date_gmt":"2022-04-09T01:50:07","guid":{"rendered":"https:\/\/shop.larus.ch\/product\/balanoire-adosse-maison-sur-pilotis-nadine\/"},"modified":"2026-04-19T03:11:16","modified_gmt":"2026-04-19T01:11:16","slug":"balanoire-adosse-maison-sur-pilotis-nadine","status":"publish","type":"product","link":"https:\/\/shop.larus.ch\/fr\/product\/balanoire-adosse-maison-sur-pilotis-nadine\/","title":{"rendered":"Balan\u00e7oire adoss\u00e9e Maison sur pilotis Nadine"},"content":{"rendered":"<p>Balan\u00e7oire adoss\u00e9e <br \/>Maison sur pilotis Nadine<br \/>Poutre de balan\u00e7oire 9\/9 cm bois coll\u00e9<br \/>Poteau 7\/7 cm<br \/>\u00e9pic\u00e9a naturel non trait\u00e9  <\/p>\n","protected":false},"excerpt":{"rendered":"<p>Balan\u00e7oire adoss\u00e9e <br \/>Maison sur pilotis Nadine<br \/>Poutre de balan\u00e7oire 9\/9 cm bois coll\u00e9<br \/>Poteau 7\/7 cm<br \/>\u00e9pic\u00e9a naturel non trait\u00e9  <\/p>\n","protected":false},"featured_media":325418,"template":"","meta":[],"product_cat":[],"product_tag":[],"_links":{"self":[{"href":"https:\/\/shop.larus.ch\/fr\/wp-json\/wp\/v2\/product\/291251"}],"collection":[{"href":"https:\/\/shop.larus.ch\/fr\/wp-json\/wp\/v2\/product"}],"about":[{"href":"https:\/\/shop.larus.ch\/fr\/wp-json\/wp\/v2\/types\/product"}],"wp:featuredmedia":[{"embeddable":true,"href":"https:\/\/shop.larus.ch\/fr\/wp-json\/wp\/v2\/media\/325418"}],"wp:attachment":[{"href":"https:\/\/shop.larus.ch\/fr\/wp-json\/wp\/v2\/media?parent=291251"}],"wp:term":[{"taxonomy":"product_cat","embeddable":true,"href":"https:\/\/shop.larus.ch\/fr\/wp-json\/wp\/v2\/product_cat?post=291251"},{"taxonomy":"product_tag","embeddable":true,"href":"https:\/\/shop.larus.ch\/fr\/wp-json\/wp\/v2\/product_tag?post=291251"}],"curies":[{"name":"wp","href":"https:\/\/api.w.org\/{rel}","templated":true}]}}