{"id":291239,"date":"2022-04-09T03:49:22","date_gmt":"2022-04-09T01:49:22","guid":{"rendered":"https:\/\/shop.larus.ch\/product\/poteau-carr-en-chne\/"},"modified":"2026-04-21T03:10:21","modified_gmt":"2026-04-21T01:10:21","slug":"poteau-carr-en-chne-5","status":"publish","type":"product","link":"https:\/\/shop.larus.ch\/fr\/product\/poteau-carr-en-chne-5\/","title":{"rendered":"Poteau carr\u00e9 en ch\u00eane"},"content":{"rendered":"<p>Poteaux carr\u00e9s en ch\u00eane<br \/>impr\u00e9gn\u00e9 brun<\/p>\n","protected":false},"excerpt":{"rendered":"<p>Poteaux carr\u00e9s en ch\u00eane<br \/>impr\u00e9gn\u00e9 brun<\/p>\n","protected":false},"featured_media":323255,"template":"","meta":[],"product_cat":[59347],"product_tag":[],"_links":{"self":[{"href":"https:\/\/shop.larus.ch\/fr\/wp-json\/wp\/v2\/product\/291239"}],"collection":[{"href":"https:\/\/shop.larus.ch\/fr\/wp-json\/wp\/v2\/product"}],"about":[{"href":"https:\/\/shop.larus.ch\/fr\/wp-json\/wp\/v2\/types\/product"}],"wp:featuredmedia":[{"embeddable":true,"href":"https:\/\/shop.larus.ch\/fr\/wp-json\/wp\/v2\/media\/323255"}],"wp:attachment":[{"href":"https:\/\/shop.larus.ch\/fr\/wp-json\/wp\/v2\/media?parent=291239"}],"wp:term":[{"taxonomy":"product_cat","embeddable":true,"href":"https:\/\/shop.larus.ch\/fr\/wp-json\/wp\/v2\/product_cat?post=291239"},{"taxonomy":"product_tag","embeddable":true,"href":"https:\/\/shop.larus.ch\/fr\/wp-json\/wp\/v2\/product_tag?post=291239"}],"curies":[{"name":"wp","href":"https:\/\/api.w.org\/{rel}","templated":true}]}}