{"id":290073,"date":"2022-03-31T03:51:48","date_gmt":"2022-03-31T01:51:48","guid":{"rendered":"https:\/\/shop.larus.ch\/product\/profil-de-recouvrement-de-bord-13-pcs-2-m\/"},"modified":"2026-04-16T03:05:42","modified_gmt":"2026-04-16T01:05:42","slug":"profil-de-recouvrement-de-bord-13-pcs-2-m","status":"publish","type":"product","link":"https:\/\/shop.larus.ch\/fr\/product\/profil-de-recouvrement-de-bord-13-pcs-2-m\/","title":{"rendered":"Profil\u00e9 de recouvrement de bord 13 pcs. \u00e0 2 m"},"content":{"rendered":"<p>Profil\u00e9 de recouvrement de bord 13 pcs. \u00e0 2 m <br \/>vis de ferblantier incluse <\/p>\n","protected":false},"excerpt":{"rendered":"<p>Profil\u00e9 de recouvrement de bord 13 pcs. \u00e0 2 m <br \/>vis de ferblantier incluse <\/p>\n","protected":false},"featured_media":0,"template":"","meta":[],"product_cat":[60876],"product_tag":[],"_links":{"self":[{"href":"https:\/\/shop.larus.ch\/fr\/wp-json\/wp\/v2\/product\/290073"}],"collection":[{"href":"https:\/\/shop.larus.ch\/fr\/wp-json\/wp\/v2\/product"}],"about":[{"href":"https:\/\/shop.larus.ch\/fr\/wp-json\/wp\/v2\/types\/product"}],"wp:attachment":[{"href":"https:\/\/shop.larus.ch\/fr\/wp-json\/wp\/v2\/media?parent=290073"}],"wp:term":[{"taxonomy":"product_cat","embeddable":true,"href":"https:\/\/shop.larus.ch\/fr\/wp-json\/wp\/v2\/product_cat?post=290073"},{"taxonomy":"product_tag","embeddable":true,"href":"https:\/\/shop.larus.ch\/fr\/wp-json\/wp\/v2\/product_tag?post=290073"}],"curies":[{"name":"wp","href":"https:\/\/api.w.org\/{rel}","templated":true}]}}