{"id":290067,"date":"2022-03-31T03:51:46","date_gmt":"2022-03-31T01:51:46","guid":{"rendered":"https:\/\/shop.larus.ch\/product\/toiture-plate-double-carport-beggingen\/"},"modified":"2026-04-16T03:11:24","modified_gmt":"2026-04-16T01:11:24","slug":"toiture-plate-double-carport-beggingen","status":"publish","type":"product","link":"https:\/\/shop.larus.ch\/fr\/product\/toiture-plate-double-carport-beggingen\/","title":{"rendered":"Toiture plate double carport Beggingen"},"content":{"rendered":"<p>Toiture plate double carport<br \/>Beggingen (Barcelona)<br \/>poteau 12\/12cm, y compris ancre en H,<br \/>Panneau en bois sur 3 faces, recouvert de t\u00f4le trap\u00e9zo\u00efdale<br \/>Charge de neige 100kg\/m2 <\/p>\n","protected":false},"excerpt":{"rendered":"<p>Toiture plate double carport<br \/>Beggingen (Barcelona)<br \/>poteau 12\/12cm, y compris ancre en H,<br \/>Panneau en bois sur 3 faces, recouvert de t\u00f4le trap\u00e9zo\u00efdale<br \/>Charge de neige 100kg\/m2 <\/p>\n","protected":false},"featured_media":324972,"template":"","meta":[],"product_cat":[60876],"product_tag":[],"_links":{"self":[{"href":"https:\/\/shop.larus.ch\/fr\/wp-json\/wp\/v2\/product\/290067"}],"collection":[{"href":"https:\/\/shop.larus.ch\/fr\/wp-json\/wp\/v2\/product"}],"about":[{"href":"https:\/\/shop.larus.ch\/fr\/wp-json\/wp\/v2\/types\/product"}],"wp:featuredmedia":[{"embeddable":true,"href":"https:\/\/shop.larus.ch\/fr\/wp-json\/wp\/v2\/media\/324972"}],"wp:attachment":[{"href":"https:\/\/shop.larus.ch\/fr\/wp-json\/wp\/v2\/media?parent=290067"}],"wp:term":[{"taxonomy":"product_cat","embeddable":true,"href":"https:\/\/shop.larus.ch\/fr\/wp-json\/wp\/v2\/product_cat?post=290067"},{"taxonomy":"product_tag","embeddable":true,"href":"https:\/\/shop.larus.ch\/fr\/wp-json\/wp\/v2\/product_tag?post=290067"}],"curies":[{"name":"wp","href":"https:\/\/api.w.org\/{rel}","templated":true}]}}