{"id":290061,"date":"2022-03-31T03:51:31","date_gmt":"2022-03-31T01:51:31","guid":{"rendered":"https:\/\/shop.larus.ch\/product\/supplment-augmentation-charge-de-neige\/"},"modified":"2026-04-16T03:10:26","modified_gmt":"2026-04-16T01:10:26","slug":"supplment-augmentation-charge-de-neige-5","status":"publish","type":"product","link":"https:\/\/shop.larus.ch\/fr\/product\/supplment-augmentation-charge-de-neige-5\/","title":{"rendered":"Suppl\u00e9ment augmentation charge de neige"},"content":{"rendered":"<p>Suppl\u00e9ment augmentation charge de neige G\u00e4chlingen<br \/>150kg\/m2<\/p>\n","protected":false},"excerpt":{"rendered":"<p>Suppl\u00e9ment augmentation charge de neige G\u00e4chlingen<br \/>150kg\/m2<\/p>\n","protected":false},"featured_media":0,"template":"","meta":[],"product_cat":[],"product_tag":[],"_links":{"self":[{"href":"https:\/\/shop.larus.ch\/fr\/wp-json\/wp\/v2\/product\/290061"}],"collection":[{"href":"https:\/\/shop.larus.ch\/fr\/wp-json\/wp\/v2\/product"}],"about":[{"href":"https:\/\/shop.larus.ch\/fr\/wp-json\/wp\/v2\/types\/product"}],"wp:attachment":[{"href":"https:\/\/shop.larus.ch\/fr\/wp-json\/wp\/v2\/media?parent=290061"}],"wp:term":[{"taxonomy":"product_cat","embeddable":true,"href":"https:\/\/shop.larus.ch\/fr\/wp-json\/wp\/v2\/product_cat?post=290061"},{"taxonomy":"product_tag","embeddable":true,"href":"https:\/\/shop.larus.ch\/fr\/wp-json\/wp\/v2\/product_tag?post=290061"}],"curies":[{"name":"wp","href":"https:\/\/api.w.org\/{rel}","templated":true}]}}