{"id":290043,"date":"2022-03-31T03:51:22","date_gmt":"2022-03-31T01:51:22","guid":{"rendered":"https:\/\/shop.larus.ch\/product\/bois-lamell-coll-arc\/"},"modified":"2026-04-16T03:16:13","modified_gmt":"2026-04-16T01:16:13","slug":"bois-lamell-coll-arc","status":"publish","type":"product","link":"https:\/\/shop.larus.ch\/fr\/product\/bois-lamell-coll-arc\/","title":{"rendered":"Bois lamell\u00e9-coll\u00e9 arc"},"content":{"rendered":"<p>Bois lamell\u00e9-coll\u00e9 arc <br \/>Charge de neige 100\/150kg <\/p>\n","protected":false},"excerpt":{"rendered":"<p>Bois lamell\u00e9-coll\u00e9 arc <br \/>Charge de neige 100\/150kg <\/p>\n","protected":false},"featured_media":0,"template":"","meta":[],"product_cat":[59489,60876],"product_tag":[],"_links":{"self":[{"href":"https:\/\/shop.larus.ch\/fr\/wp-json\/wp\/v2\/product\/290043"}],"collection":[{"href":"https:\/\/shop.larus.ch\/fr\/wp-json\/wp\/v2\/product"}],"about":[{"href":"https:\/\/shop.larus.ch\/fr\/wp-json\/wp\/v2\/types\/product"}],"wp:attachment":[{"href":"https:\/\/shop.larus.ch\/fr\/wp-json\/wp\/v2\/media?parent=290043"}],"wp:term":[{"taxonomy":"product_cat","embeddable":true,"href":"https:\/\/shop.larus.ch\/fr\/wp-json\/wp\/v2\/product_cat?post=290043"},{"taxonomy":"product_tag","embeddable":true,"href":"https:\/\/shop.larus.ch\/fr\/wp-json\/wp\/v2\/product_tag?post=290043"}],"curies":[{"name":"wp","href":"https:\/\/api.w.org\/{rel}","templated":true}]}}