{"id":290009,"date":"2022-03-31T03:51:12","date_gmt":"2022-03-31T01:51:12","guid":{"rendered":"https:\/\/shop.larus.ch\/product\/maison-en-verre-lisa\/"},"modified":"2026-04-16T03:16:21","modified_gmt":"2026-04-16T01:16:21","slug":"maison-en-verre-lisa-2","status":"publish","type":"product","link":"https:\/\/shop.larus.ch\/fr\/product\/maison-en-verre-lisa-2\/","title":{"rendered":"Maison en verre Lisa"},"content":{"rendered":"<p>Maison en verre Lisa <br \/>\u00e9pic\u00e9a commun de EE<br \/>poteau 44 x 95 mm<br \/>verre tremp\u00e9 4mm, fen\u00eatre avec ouverture automatique des fen\u00eatres<br \/>pente de toit 45\u00b0, surface de toit 12.5m2<br \/>impr\u00e9gn\u00e9 sous pression en gris<\/p>\n","protected":false},"excerpt":{"rendered":"<p>Maison en verre Lisa <br \/>\u00e9pic\u00e9a commun de EE<br \/>poteau 44 x 95 mm<br \/>verre tremp\u00e9 4mm, fen\u00eatre avec ouverture automatique des fen\u00eatres<br \/>pente de toit 45\u00b0, surface de toit 12.5m2<br \/>impr\u00e9gn\u00e9 sous pression en gris<\/p>\n","protected":false},"featured_media":325396,"template":"","meta":[],"product_cat":[59473],"product_tag":[],"_links":{"self":[{"href":"https:\/\/shop.larus.ch\/fr\/wp-json\/wp\/v2\/product\/290009"}],"collection":[{"href":"https:\/\/shop.larus.ch\/fr\/wp-json\/wp\/v2\/product"}],"about":[{"href":"https:\/\/shop.larus.ch\/fr\/wp-json\/wp\/v2\/types\/product"}],"wp:featuredmedia":[{"embeddable":true,"href":"https:\/\/shop.larus.ch\/fr\/wp-json\/wp\/v2\/media\/325396"}],"wp:attachment":[{"href":"https:\/\/shop.larus.ch\/fr\/wp-json\/wp\/v2\/media?parent=290009"}],"wp:term":[{"taxonomy":"product_cat","embeddable":true,"href":"https:\/\/shop.larus.ch\/fr\/wp-json\/wp\/v2\/product_cat?post=290009"},{"taxonomy":"product_tag","embeddable":true,"href":"https:\/\/shop.larus.ch\/fr\/wp-json\/wp\/v2\/product_tag?post=290009"}],"curies":[{"name":"wp","href":"https:\/\/api.w.org\/{rel}","templated":true}]}}