{"id":289989,"date":"2022-03-31T03:51:06","date_gmt":"2022-03-31T01:51:06","guid":{"rendered":"https:\/\/shop.larus.ch\/product\/maison-en-bois-massif-gabi-imprgnation-par-immersion-transparente\/"},"modified":"2026-04-19T03:00:35","modified_gmt":"2026-04-19T01:00:35","slug":"maison-en-bois-massif-gabi-imprgnation-par-immersion-transparente","status":"publish","type":"product","link":"https:\/\/shop.larus.ch\/fr\/product\/maison-en-bois-massif-gabi-imprgnation-par-immersion-transparente\/","title":{"rendered":"Maison en bois massif Gabi impr\u00e9gnation par immersion transparente"},"content":{"rendered":"<p>Maison en bois massif Gabi <br \/>impr\u00e9gnation par immersion transparente<br \/>madriers 44 mm, non trait\u00e9, planches de fond et toit 19 mm, fen\u00eatre 60 x 111 cm, portes 151 x 175 cm, sans carton bitum\u00e9<\/p>\n","protected":false},"excerpt":{"rendered":"<p>Maison en bois massif Gabi <br \/>impr\u00e9gnation par immersion transparente<br \/>madriers 44 mm, non trait\u00e9, planches de fond et toit 19 mm, fen\u00eatre 60 x 111 cm, portes 151 x 175 cm, sans carton bitum\u00e9<\/p>\n","protected":false},"featured_media":0,"template":"","meta":[],"product_cat":[59471],"product_tag":[],"_links":{"self":[{"href":"https:\/\/shop.larus.ch\/fr\/wp-json\/wp\/v2\/product\/289989"}],"collection":[{"href":"https:\/\/shop.larus.ch\/fr\/wp-json\/wp\/v2\/product"}],"about":[{"href":"https:\/\/shop.larus.ch\/fr\/wp-json\/wp\/v2\/types\/product"}],"wp:attachment":[{"href":"https:\/\/shop.larus.ch\/fr\/wp-json\/wp\/v2\/media?parent=289989"}],"wp:term":[{"taxonomy":"product_cat","embeddable":true,"href":"https:\/\/shop.larus.ch\/fr\/wp-json\/wp\/v2\/product_cat?post=289989"},{"taxonomy":"product_tag","embeddable":true,"href":"https:\/\/shop.larus.ch\/fr\/wp-json\/wp\/v2\/product_tag?post=289989"}],"curies":[{"name":"wp","href":"https:\/\/api.w.org\/{rel}","templated":true}]}}