{"id":289987,"date":"2022-03-31T03:51:05","date_gmt":"2022-03-31T01:51:05","guid":{"rendered":"https:\/\/shop.larus.ch\/product\/maison-en-bois-massif-gabi-imprgnation-par-immersion-grise\/"},"modified":"2026-04-19T03:01:44","modified_gmt":"2026-04-19T01:01:44","slug":"maison-en-bois-massif-gabi-imprgnation-par-immersion-grise","status":"publish","type":"product","link":"https:\/\/shop.larus.ch\/fr\/product\/maison-en-bois-massif-gabi-imprgnation-par-immersion-grise\/","title":{"rendered":"Maison en bois massif Gabi impr\u00e9gnation par immersion grise"},"content":{"rendered":"<p>Maison en bois massif Gabi<br \/>impr\u00e9gnation par immersion grise<br \/>madriers 44 mm, non trait\u00e9, planches de fond et toit 19 mm, fen\u00eatre 60 x 111 cm, portes 151 x 175 cm, sans carton bitum\u00e9<\/p>\n","protected":false},"excerpt":{"rendered":"<p>Maison en bois massif Gabi<br \/>impr\u00e9gnation par immersion grise<br \/>madriers 44 mm, non trait\u00e9, planches de fond et toit 19 mm, fen\u00eatre 60 x 111 cm, portes 151 x 175 cm, sans carton bitum\u00e9<\/p>\n","protected":false},"featured_media":0,"template":"","meta":[],"product_cat":[59471],"product_tag":[],"_links":{"self":[{"href":"https:\/\/shop.larus.ch\/fr\/wp-json\/wp\/v2\/product\/289987"}],"collection":[{"href":"https:\/\/shop.larus.ch\/fr\/wp-json\/wp\/v2\/product"}],"about":[{"href":"https:\/\/shop.larus.ch\/fr\/wp-json\/wp\/v2\/types\/product"}],"wp:attachment":[{"href":"https:\/\/shop.larus.ch\/fr\/wp-json\/wp\/v2\/media?parent=289987"}],"wp:term":[{"taxonomy":"product_cat","embeddable":true,"href":"https:\/\/shop.larus.ch\/fr\/wp-json\/wp\/v2\/product_cat?post=289987"},{"taxonomy":"product_tag","embeddable":true,"href":"https:\/\/shop.larus.ch\/fr\/wp-json\/wp\/v2\/product_tag?post=289987"}],"curies":[{"name":"wp","href":"https:\/\/api.w.org\/{rel}","templated":true}]}}