{"id":289971,"date":"2022-03-31T03:50:58","date_gmt":"2022-03-31T01:50:58","guid":{"rendered":"https:\/\/shop.larus.ch\/product\/labri-de-jardin-lia\/"},"modified":"2026-04-19T03:16:25","modified_gmt":"2026-04-19T01:16:25","slug":"labri-de-jardin-lia","status":"publish","type":"product","link":"https:\/\/shop.larus.ch\/fr\/product\/labri-de-jardin-lia\/","title":{"rendered":"l\u00b4abri de jardin Lia"},"content":{"rendered":"<p>l\u00b4abri de jardin Lia<br \/>\u00e9pic\u00e9a massif, non tra\u00eet\u00e9, madriers 19 mm, sans fond,<br \/>avec carton bitum\u00e9<\/p>\n","protected":false},"excerpt":{"rendered":"<p>l\u00b4abri de jardin Lia<br \/>\u00e9pic\u00e9a massif, non tra\u00eet\u00e9, madriers 19 mm, sans fond,<br \/>avec carton bitum\u00e9<\/p>\n","protected":false},"featured_media":323821,"template":"","meta":[],"product_cat":[60130],"product_tag":[],"_links":{"self":[{"href":"https:\/\/shop.larus.ch\/fr\/wp-json\/wp\/v2\/product\/289971"}],"collection":[{"href":"https:\/\/shop.larus.ch\/fr\/wp-json\/wp\/v2\/product"}],"about":[{"href":"https:\/\/shop.larus.ch\/fr\/wp-json\/wp\/v2\/types\/product"}],"wp:featuredmedia":[{"embeddable":true,"href":"https:\/\/shop.larus.ch\/fr\/wp-json\/wp\/v2\/media\/323821"}],"wp:attachment":[{"href":"https:\/\/shop.larus.ch\/fr\/wp-json\/wp\/v2\/media?parent=289971"}],"wp:term":[{"taxonomy":"product_cat","embeddable":true,"href":"https:\/\/shop.larus.ch\/fr\/wp-json\/wp\/v2\/product_cat?post=289971"},{"taxonomy":"product_tag","embeddable":true,"href":"https:\/\/shop.larus.ch\/fr\/wp-json\/wp\/v2\/product_tag?post=289971"}],"curies":[{"name":"wp","href":"https:\/\/api.w.org\/{rel}","templated":true}]}}