{"id":289943,"date":"2022-03-31T03:48:16","date_gmt":"2022-03-31T01:48:16","guid":{"rendered":"https:\/\/shop.larus.ch\/product\/clture-bremen-sans-dbord\/"},"modified":"2026-04-16T03:20:46","modified_gmt":"2026-04-16T01:20:46","slug":"clture-bremen-sans-dbord-3","status":"publish","type":"product","link":"https:\/\/shop.larus.ch\/fr\/product\/clture-bremen-sans-dbord-3\/","title":{"rendered":"Cl\u00f4ture Bremen sans d\u00e9bord"},"content":{"rendered":"<p>Cl\u00f4ture en m\u00e9tal Br\u00eame<br \/>grille frontale sans d\u00e9bord<br \/>, tube carr\u00e9 2.5&#215;2.5cm (torsad\u00e9), traverse 5.0&#215;2.5cm, distance entre les barreaux env. 15cm<br \/>surface galvanis\u00e9e et rev\u00eatue par poudre anthracite (similaire \u00e0 RAL 7016)<\/p>\n","protected":false},"excerpt":{"rendered":"<p>Cl\u00f4ture en m\u00e9tal Br\u00eame<br \/>grille frontale sans d\u00e9bord<br \/>, tube carr\u00e9 2.5&#215;2.5cm (torsad\u00e9), traverse 5.0&#215;2.5cm, distance entre les barreaux env. 15cm<br \/>surface galvanis\u00e9e et rev\u00eatue par poudre anthracite (similaire \u00e0 RAL 7016)<\/p>\n","protected":false},"featured_media":325724,"template":"","meta":[],"product_cat":[60868],"product_tag":[],"_links":{"self":[{"href":"https:\/\/shop.larus.ch\/fr\/wp-json\/wp\/v2\/product\/289943"}],"collection":[{"href":"https:\/\/shop.larus.ch\/fr\/wp-json\/wp\/v2\/product"}],"about":[{"href":"https:\/\/shop.larus.ch\/fr\/wp-json\/wp\/v2\/types\/product"}],"wp:featuredmedia":[{"embeddable":true,"href":"https:\/\/shop.larus.ch\/fr\/wp-json\/wp\/v2\/media\/325724"}],"wp:attachment":[{"href":"https:\/\/shop.larus.ch\/fr\/wp-json\/wp\/v2\/media?parent=289943"}],"wp:term":[{"taxonomy":"product_cat","embeddable":true,"href":"https:\/\/shop.larus.ch\/fr\/wp-json\/wp\/v2\/product_cat?post=289943"},{"taxonomy":"product_tag","embeddable":true,"href":"https:\/\/shop.larus.ch\/fr\/wp-json\/wp\/v2\/product_tag?post=289943"}],"curies":[{"name":"wp","href":"https:\/\/api.w.org\/{rel}","templated":true}]}}