{"id":289923,"date":"2022-03-31T03:48:14","date_gmt":"2022-03-31T01:48:14","guid":{"rendered":"https:\/\/shop.larus.ch\/product\/kunststoffhalter-fr-endpfosten-2\/"},"modified":"2026-04-16T03:20:24","modified_gmt":"2026-04-16T01:20:24","slug":"kunststoffhalter-fr-endpfosten-2","status":"publish","type":"product","link":"https:\/\/shop.larus.ch\/fr\/product\/kunststoffhalter-fr-endpfosten-2\/","title":{"rendered":"Kunststoffhalter f\u00fcr Endpfosten"},"content":{"rendered":"<p>Kunststoffhalter f\u00fcr Endpfosten mit gefedertem Befestigungsstift f\u00fcr Reparatur<\/p>\n","protected":false},"excerpt":{"rendered":"<p>Kunststoffhalter f\u00fcr Endpfosten mit gefedertem Befestigungsstift f\u00fcr Reparatur<\/p>\n","protected":false},"featured_media":325634,"template":"","meta":[],"product_cat":[60866,60868],"product_tag":[],"_links":{"self":[{"href":"https:\/\/shop.larus.ch\/fr\/wp-json\/wp\/v2\/product\/289923"}],"collection":[{"href":"https:\/\/shop.larus.ch\/fr\/wp-json\/wp\/v2\/product"}],"about":[{"href":"https:\/\/shop.larus.ch\/fr\/wp-json\/wp\/v2\/types\/product"}],"wp:featuredmedia":[{"embeddable":true,"href":"https:\/\/shop.larus.ch\/fr\/wp-json\/wp\/v2\/media\/325634"}],"wp:attachment":[{"href":"https:\/\/shop.larus.ch\/fr\/wp-json\/wp\/v2\/media?parent=289923"}],"wp:term":[{"taxonomy":"product_cat","embeddable":true,"href":"https:\/\/shop.larus.ch\/fr\/wp-json\/wp\/v2\/product_cat?post=289923"},{"taxonomy":"product_tag","embeddable":true,"href":"https:\/\/shop.larus.ch\/fr\/wp-json\/wp\/v2\/product_tag?post=289923"}],"curies":[{"name":"wp","href":"https:\/\/api.w.org\/{rel}","templated":true}]}}