{"id":289891,"date":"2022-03-31T03:48:09","date_gmt":"2022-03-31T01:48:09","guid":{"rendered":"https:\/\/shop.larus.ch\/product\/poteau-sceller-dans-le-bton\/"},"modified":"2026-04-16T03:20:11","modified_gmt":"2026-04-16T01:20:11","slug":"poteau-sceller-dans-le-bton-2","status":"publish","type":"product","link":"https:\/\/shop.larus.ch\/fr\/product\/poteau-sceller-dans-le-bton-2\/","title":{"rendered":"Poteau \u00e0 sceller dans le b\u00e9ton"},"content":{"rendered":"<p>Poteau \u00e0 sceller dans le b\u00e9ton <br \/>6.0&#215;6.0cm y compris capuchon en plastique (capuchon en aluminium contre suppl\u00e9ment)<br \/>sans support de fixation en plastique<br \/>surface galvanis\u00e9e et rev\u00eatue par poudre anthracite (similaire \u00e0 RAL 7016)<\/p>\n","protected":false},"excerpt":{"rendered":"<p>Poteau \u00e0 sceller dans le b\u00e9ton <br \/>6.0&#215;6.0cm y compris capuchon en plastique (capuchon en aluminium contre suppl\u00e9ment)<br \/>sans support de fixation en plastique<br \/>surface galvanis\u00e9e et rev\u00eatue par poudre anthracite (similaire \u00e0 RAL 7016)<\/p>\n","protected":false},"featured_media":325580,"template":"","meta":[],"product_cat":[60866,60868],"product_tag":[],"_links":{"self":[{"href":"https:\/\/shop.larus.ch\/fr\/wp-json\/wp\/v2\/product\/289891"}],"collection":[{"href":"https:\/\/shop.larus.ch\/fr\/wp-json\/wp\/v2\/product"}],"about":[{"href":"https:\/\/shop.larus.ch\/fr\/wp-json\/wp\/v2\/types\/product"}],"wp:featuredmedia":[{"embeddable":true,"href":"https:\/\/shop.larus.ch\/fr\/wp-json\/wp\/v2\/media\/325580"}],"wp:attachment":[{"href":"https:\/\/shop.larus.ch\/fr\/wp-json\/wp\/v2\/media?parent=289891"}],"wp:term":[{"taxonomy":"product_cat","embeddable":true,"href":"https:\/\/shop.larus.ch\/fr\/wp-json\/wp\/v2\/product_cat?post=289891"},{"taxonomy":"product_tag","embeddable":true,"href":"https:\/\/shop.larus.ch\/fr\/wp-json\/wp\/v2\/product_tag?post=289891"}],"curies":[{"name":"wp","href":"https:\/\/api.w.org\/{rel}","templated":true}]}}