{"id":289887,"date":"2022-03-31T03:48:09","date_gmt":"2022-03-31T01:48:09","guid":{"rendered":"https:\/\/shop.larus.ch\/product\/poteau-avec-plaque-de-base\/"},"modified":"2026-04-16T03:10:41","modified_gmt":"2026-04-16T01:10:41","slug":"poteau-avec-plaque-de-base-3","status":"publish","type":"product","link":"https:\/\/shop.larus.ch\/fr\/product\/poteau-avec-plaque-de-base-3\/","title":{"rendered":"Poteau avec plaque de base"},"content":{"rendered":"<p>Poteau avec plaque de base <br \/>6.0&#215;6.0cm y compris capuchon en plastique (capuchon en aluminium contre suppl\u00e9ment)<br \/>sans support de fixation en plastique<br \/>surface galvanis\u00e9e et rev\u00eatue par poudre anthracite (similaire \u00e0 RAL 7016)<\/p>\n","protected":false},"excerpt":{"rendered":"<p>Poteau avec plaque de base <br \/>6.0&#215;6.0cm y compris capuchon en plastique (capuchon en aluminium contre suppl\u00e9ment)<br \/>sans support de fixation en plastique<br \/>surface galvanis\u00e9e et rev\u00eatue par poudre anthracite (similaire \u00e0 RAL 7016)<\/p>\n","protected":false},"featured_media":324800,"template":"","meta":[],"product_cat":[60866,60868],"product_tag":[],"_links":{"self":[{"href":"https:\/\/shop.larus.ch\/fr\/wp-json\/wp\/v2\/product\/289887"}],"collection":[{"href":"https:\/\/shop.larus.ch\/fr\/wp-json\/wp\/v2\/product"}],"about":[{"href":"https:\/\/shop.larus.ch\/fr\/wp-json\/wp\/v2\/types\/product"}],"wp:featuredmedia":[{"embeddable":true,"href":"https:\/\/shop.larus.ch\/fr\/wp-json\/wp\/v2\/media\/324800"}],"wp:attachment":[{"href":"https:\/\/shop.larus.ch\/fr\/wp-json\/wp\/v2\/media?parent=289887"}],"wp:term":[{"taxonomy":"product_cat","embeddable":true,"href":"https:\/\/shop.larus.ch\/fr\/wp-json\/wp\/v2\/product_cat?post=289887"},{"taxonomy":"product_tag","embeddable":true,"href":"https:\/\/shop.larus.ch\/fr\/wp-json\/wp\/v2\/product_tag?post=289887"}],"curies":[{"name":"wp","href":"https:\/\/api.w.org\/{rel}","templated":true}]}}