{"id":289881,"date":"2022-03-31T03:48:08","date_gmt":"2022-03-31T01:48:08","guid":{"rendered":"https:\/\/shop.larus.ch\/product\/porte-hamburg-avec-dbord\/"},"modified":"2026-04-16T03:20:54","modified_gmt":"2026-04-16T01:20:54","slug":"porte-hamburg-avec-dbord","status":"publish","type":"product","link":"https:\/\/shop.larus.ch\/fr\/product\/porte-hamburg-avec-dbord\/","title":{"rendered":"Porte Hamburg avec d\u00e9bord"},"content":{"rendered":"<p>Porte Hamburg avec d\u00e9bord<br \/>1 vantail pour cl\u00f4ture, poteau de porte 8.0&#215;8.0cm, paumelles de porte 4D, serrure Locinox et accessoires, sans raccordement \u00e0 la cl\u00f4ture<br \/>cadre de porte 5.0&#215;5.0x0.2cm<br \/>surface galvanis\u00e9e et rev\u00eatue par poudre anthracite<\/p>\n","protected":false},"excerpt":{"rendered":"<p>Porte Hamburg avec d\u00e9bord<br \/>1 vantail pour cl\u00f4ture, poteau de porte 8.0&#215;8.0cm, paumelles de porte 4D, serrure Locinox et accessoires, sans raccordement \u00e0 la cl\u00f4ture<br \/>cadre de porte 5.0&#215;5.0x0.2cm<br \/>surface galvanis\u00e9e et rev\u00eatue par poudre anthracite<\/p>\n","protected":false},"featured_media":325766,"template":"","meta":[],"product_cat":[60866],"product_tag":[],"_links":{"self":[{"href":"https:\/\/shop.larus.ch\/fr\/wp-json\/wp\/v2\/product\/289881"}],"collection":[{"href":"https:\/\/shop.larus.ch\/fr\/wp-json\/wp\/v2\/product"}],"about":[{"href":"https:\/\/shop.larus.ch\/fr\/wp-json\/wp\/v2\/types\/product"}],"wp:featuredmedia":[{"embeddable":true,"href":"https:\/\/shop.larus.ch\/fr\/wp-json\/wp\/v2\/media\/325766"}],"wp:attachment":[{"href":"https:\/\/shop.larus.ch\/fr\/wp-json\/wp\/v2\/media?parent=289881"}],"wp:term":[{"taxonomy":"product_cat","embeddable":true,"href":"https:\/\/shop.larus.ch\/fr\/wp-json\/wp\/v2\/product_cat?post=289881"},{"taxonomy":"product_tag","embeddable":true,"href":"https:\/\/shop.larus.ch\/fr\/wp-json\/wp\/v2\/product_tag?post=289881"}],"curies":[{"name":"wp","href":"https:\/\/api.w.org\/{rel}","templated":true}]}}