{"id":289861,"date":"2022-03-31T03:48:05","date_gmt":"2022-03-31T01:48:05","guid":{"rendered":"https:\/\/shop.larus.ch\/product\/clture-en-mtal-hambourg-avec-dbord\/"},"modified":"2026-04-16T03:16:41","modified_gmt":"2026-04-16T01:16:41","slug":"clture-en-mtal-hambourg-avec-dbord","status":"publish","type":"product","link":"https:\/\/shop.larus.ch\/fr\/product\/clture-en-mtal-hambourg-avec-dbord\/","title":{"rendered":"Cl\u00f4ture en m\u00e9tal Hambourg avec d\u00e9bord"},"content":{"rendered":"<p>Cl\u00f4ture en m\u00e9tal Hambourg avec d\u00e9bord <br \/>tube carr\u00e9 2.5&#215;2.5cm (torsad\u00e9), traverse 5.0&#215;2.5cm, distance entre les barres env. 15cm,<br \/>surface galvanis\u00e9e et rev\u00eatue par poudre anthracite (similaire \u00e0 RAL 7016<\/p>\n","protected":false},"excerpt":{"rendered":"<p>Cl\u00f4ture en m\u00e9tal Hambourg avec d\u00e9bord <br \/>tube carr\u00e9 2.5&#215;2.5cm (torsad\u00e9), traverse 5.0&#215;2.5cm, distance entre les barres env. 15cm,<br \/>surface galvanis\u00e9e et rev\u00eatue par poudre anthracite (similaire \u00e0 RAL 7016<\/p>\n","protected":false},"featured_media":325478,"template":"","meta":[],"product_cat":[60866],"product_tag":[],"_links":{"self":[{"href":"https:\/\/shop.larus.ch\/fr\/wp-json\/wp\/v2\/product\/289861"}],"collection":[{"href":"https:\/\/shop.larus.ch\/fr\/wp-json\/wp\/v2\/product"}],"about":[{"href":"https:\/\/shop.larus.ch\/fr\/wp-json\/wp\/v2\/types\/product"}],"wp:featuredmedia":[{"embeddable":true,"href":"https:\/\/shop.larus.ch\/fr\/wp-json\/wp\/v2\/media\/325478"}],"wp:attachment":[{"href":"https:\/\/shop.larus.ch\/fr\/wp-json\/wp\/v2\/media?parent=289861"}],"wp:term":[{"taxonomy":"product_cat","embeddable":true,"href":"https:\/\/shop.larus.ch\/fr\/wp-json\/wp\/v2\/product_cat?post=289861"},{"taxonomy":"product_tag","embeddable":true,"href":"https:\/\/shop.larus.ch\/fr\/wp-json\/wp\/v2\/product_tag?post=289861"}],"curies":[{"name":"wp","href":"https:\/\/api.w.org\/{rel}","templated":true}]}}