{"id":289857,"date":"2022-03-31T03:46:22","date_gmt":"2022-03-31T01:46:22","guid":{"rendered":"https:\/\/shop.larus.ch\/product\/pice-de-jonction-clture-en-lattes-de-chtaignier\/"},"modified":"2026-04-16T03:16:33","modified_gmt":"2026-04-16T01:16:33","slug":"pice-de-jonction-clture-en-lattes-de-chtaignier","status":"publish","type":"product","link":"https:\/\/shop.larus.ch\/fr\/product\/pice-de-jonction-clture-en-lattes-de-chtaignier\/","title":{"rendered":"Pi\u00e8ce de jonction cl\u00f4ture en lattes de ch\u00e2taignier"},"content":{"rendered":"<p>Pi\u00e8ce de jonction cl\u00f4ture en lattes de ch\u00e2taignier<\/p>\n","protected":false},"excerpt":{"rendered":"<p>Pi\u00e8ce de jonction cl\u00f4ture en lattes de ch\u00e2taignier<\/p>\n","protected":false},"featured_media":325440,"template":"","meta":[],"product_cat":[59632],"product_tag":[],"_links":{"self":[{"href":"https:\/\/shop.larus.ch\/fr\/wp-json\/wp\/v2\/product\/289857"}],"collection":[{"href":"https:\/\/shop.larus.ch\/fr\/wp-json\/wp\/v2\/product"}],"about":[{"href":"https:\/\/shop.larus.ch\/fr\/wp-json\/wp\/v2\/types\/product"}],"wp:featuredmedia":[{"embeddable":true,"href":"https:\/\/shop.larus.ch\/fr\/wp-json\/wp\/v2\/media\/325440"}],"wp:attachment":[{"href":"https:\/\/shop.larus.ch\/fr\/wp-json\/wp\/v2\/media?parent=289857"}],"wp:term":[{"taxonomy":"product_cat","embeddable":true,"href":"https:\/\/shop.larus.ch\/fr\/wp-json\/wp\/v2\/product_cat?post=289857"},{"taxonomy":"product_tag","embeddable":true,"href":"https:\/\/shop.larus.ch\/fr\/wp-json\/wp\/v2\/product_tag?post=289857"}],"curies":[{"name":"wp","href":"https:\/\/api.w.org\/{rel}","templated":true}]}}