{"id":275500,"date":"2021-03-20T03:48:58","date_gmt":"2021-03-20T02:48:58","guid":{"rendered":"https:\/\/shop.larus.ch\/product\/clture-lattes-ml-naturel\/"},"modified":"2026-04-16T03:21:07","modified_gmt":"2026-04-16T01:21:07","slug":"clture-lattes-ml-naturel-6","status":"publish","type":"product","link":"https:\/\/shop.larus.ch\/fr\/product\/clture-lattes-ml-naturel-6\/","title":{"rendered":"Cl\u00f4ture lattes m\u00e9l. naturel"},"content":{"rendered":"<p>Cl\u00f4ture en lattes r\u00e9alisation normalis\u00e9e<br \/>m\u00e9l\u00e8ze naturel avec aubier, lattes 60\/26 mm,<br \/>traverses 80\/40 mm<\/p>\n","protected":false},"excerpt":{"rendered":"<p>Cl\u00f4ture en lattes r\u00e9alisation normalis\u00e9e<br \/>m\u00e9l\u00e8ze naturel avec aubier, lattes 60\/26 mm,<br \/>traverses 80\/40 mm<\/p>\n","protected":false},"featured_media":325810,"template":"","meta":[],"product_cat":[59137],"product_tag":[],"_links":{"self":[{"href":"https:\/\/shop.larus.ch\/fr\/wp-json\/wp\/v2\/product\/275500"}],"collection":[{"href":"https:\/\/shop.larus.ch\/fr\/wp-json\/wp\/v2\/product"}],"about":[{"href":"https:\/\/shop.larus.ch\/fr\/wp-json\/wp\/v2\/types\/product"}],"wp:featuredmedia":[{"embeddable":true,"href":"https:\/\/shop.larus.ch\/fr\/wp-json\/wp\/v2\/media\/325810"}],"wp:attachment":[{"href":"https:\/\/shop.larus.ch\/fr\/wp-json\/wp\/v2\/media?parent=275500"}],"wp:term":[{"taxonomy":"product_cat","embeddable":true,"href":"https:\/\/shop.larus.ch\/fr\/wp-json\/wp\/v2\/product_cat?post=275500"},{"taxonomy":"product_tag","embeddable":true,"href":"https:\/\/shop.larus.ch\/fr\/wp-json\/wp\/v2\/product_tag?post=275500"}],"curies":[{"name":"wp","href":"https:\/\/api.w.org\/{rel}","templated":true}]}}