{"id":275489,"date":"2021-03-19T03:47:22","date_gmt":"2021-03-19T02:47:22","guid":{"rendered":"https:\/\/shop.larus.ch\/product\/madriers-pour-panneau-pare-vue-avec-espaces-intermdiaires-en-mlze\/"},"modified":"2026-04-16T03:15:57","modified_gmt":"2026-04-16T01:15:57","slug":"madriers-pour-panneau-pare-vue-avec-espaces-intermdiaires-en-mlze","status":"publish","type":"product","link":"https:\/\/shop.larus.ch\/fr\/product\/madriers-pour-panneau-pare-vue-avec-espaces-intermdiaires-en-mlze\/","title":{"rendered":"Madriers pour panneau pare-vue"},"content":{"rendered":"<p>Madriers pour pare-vue (avec espaces interm\u00e9diaires) m\u00e9l\u00e8ze naturel, rabot\u00e9s Rhombus 45\u00b0, tasseu d\u00b4 \u00e9cartement incl.<\/p>\n<p>Le bois va se r\u00e9tr\u00e9cir et peut se d\u00e9former. Pour  minimiser au moins 3 lames verticales sont install\u00e9s par \u00e9l\u00e9ment.<\/p>\n","protected":false},"excerpt":{"rendered":"<p>Madriers pour pare-vue (avec espaces interm\u00e9diaires) m\u00e9l\u00e8ze naturel, rabot\u00e9s Rhombus 45\u00b0, tasseu d\u00b4 \u00e9cartement incl.<\/p>\n<p>Le bois va se r\u00e9tr\u00e9cir et peut se d\u00e9former. Pour  minimiser au moins 3 lames verticales sont install\u00e9s par \u00e9l\u00e9ment.<\/p>\n","protected":false},"featured_media":323355,"template":"","meta":[],"product_cat":[59067],"product_tag":[],"_links":{"self":[{"href":"https:\/\/shop.larus.ch\/fr\/wp-json\/wp\/v2\/product\/275489"}],"collection":[{"href":"https:\/\/shop.larus.ch\/fr\/wp-json\/wp\/v2\/product"}],"about":[{"href":"https:\/\/shop.larus.ch\/fr\/wp-json\/wp\/v2\/types\/product"}],"wp:featuredmedia":[{"embeddable":true,"href":"https:\/\/shop.larus.ch\/fr\/wp-json\/wp\/v2\/media\/323355"}],"wp:attachment":[{"href":"https:\/\/shop.larus.ch\/fr\/wp-json\/wp\/v2\/media?parent=275489"}],"wp:term":[{"taxonomy":"product_cat","embeddable":true,"href":"https:\/\/shop.larus.ch\/fr\/wp-json\/wp\/v2\/product_cat?post=275489"},{"taxonomy":"product_tag","embeddable":true,"href":"https:\/\/shop.larus.ch\/fr\/wp-json\/wp\/v2\/product_tag?post=275489"}],"curies":[{"name":"wp","href":"https:\/\/api.w.org\/{rel}","templated":true}]}}