{"id":275483,"date":"2021-03-19T03:47:21","date_gmt":"2021-03-19T02:47:21","guid":{"rendered":"https:\/\/shop.larus.ch\/product\/madriers-espaces-intermed\/"},"modified":"2026-04-19T03:16:58","modified_gmt":"2026-04-19T01:16:58","slug":"madriers-espaces-intermed","status":"publish","type":"product","link":"https:\/\/shop.larus.ch\/fr\/product\/madriers-espaces-intermed\/","title":{"rendered":"Madriers espaces intermed."},"content":{"rendered":"<p>Madriers pour panneau pare-vue (avec espaces interm\u00e9diaires) rabot\u00e9s Rhombus 45\u00b0, impr\u00e9gn\u00e9 brun<br \/>tasseu d\u00b4 \u00e9cartement incl.<\/p>\n<p>Le bois va se r\u00e9tr\u00e9cir et peut se d\u00e9former. Pour  minimiser au moins 3 lames verticales sont install\u00e9s par \u00e9l\u00e9ment.<\/p>\n","protected":false},"excerpt":{"rendered":"<p>Madriers pour panneau pare-vue (avec espaces interm\u00e9diaires) rabot\u00e9s Rhombus 45\u00b0, impr\u00e9gn\u00e9 brun<br \/>tasseu d\u00b4 \u00e9cartement incl.<\/p>\n<p>Le bois va se r\u00e9tr\u00e9cir et peut se d\u00e9former. Pour  minimiser au moins 3 lames verticales sont install\u00e9s par \u00e9l\u00e9ment.<\/p>\n","protected":false},"featured_media":326852,"template":"","meta":[],"product_cat":[59067],"product_tag":[],"_links":{"self":[{"href":"https:\/\/shop.larus.ch\/fr\/wp-json\/wp\/v2\/product\/275483"}],"collection":[{"href":"https:\/\/shop.larus.ch\/fr\/wp-json\/wp\/v2\/product"}],"about":[{"href":"https:\/\/shop.larus.ch\/fr\/wp-json\/wp\/v2\/types\/product"}],"wp:featuredmedia":[{"embeddable":true,"href":"https:\/\/shop.larus.ch\/fr\/wp-json\/wp\/v2\/media\/326852"}],"wp:attachment":[{"href":"https:\/\/shop.larus.ch\/fr\/wp-json\/wp\/v2\/media?parent=275483"}],"wp:term":[{"taxonomy":"product_cat","embeddable":true,"href":"https:\/\/shop.larus.ch\/fr\/wp-json\/wp\/v2\/product_cat?post=275483"},{"taxonomy":"product_tag","embeddable":true,"href":"https:\/\/shop.larus.ch\/fr\/wp-json\/wp\/v2\/product_tag?post=275483"}],"curies":[{"name":"wp","href":"https:\/\/api.w.org\/{rel}","templated":true}]}}