{"id":275406,"date":"2021-03-10T04:03:13","date_gmt":"2021-03-10T03:03:13","guid":{"rendered":"https:\/\/shop.larus.ch\/product\/banc-prt-monter\/"},"modified":"2026-04-19T03:00:36","modified_gmt":"2026-04-19T01:00:36","slug":"banc-prt-monter","status":"publish","type":"product","link":"https:\/\/shop.larus.ch\/fr\/product\/banc-prt-monter\/","title":{"rendered":"Banc pr\u00eat \u00e0 monter"},"content":{"rendered":"<p>Banc, pr\u00eat \u00e0 monter, lattes en bois rabot\u00e9es, m\u00e9l\u00e8ze naturel, banc \u00e9l\u00e9gant, arqu\u00e9, construction en acier galvanis\u00e9 \u00e0 chaud<\/p>\n","protected":false},"excerpt":{"rendered":"<p>Banc, pr\u00eat \u00e0 monter, lattes en bois rabot\u00e9es, m\u00e9l\u00e8ze naturel, banc \u00e9l\u00e9gant, arqu\u00e9, construction en acier galvanis\u00e9 \u00e0 chaud<\/p>\n","protected":false},"featured_media":324278,"template":"","meta":[],"product_cat":[59465],"product_tag":[],"_links":{"self":[{"href":"https:\/\/shop.larus.ch\/fr\/wp-json\/wp\/v2\/product\/275406"}],"collection":[{"href":"https:\/\/shop.larus.ch\/fr\/wp-json\/wp\/v2\/product"}],"about":[{"href":"https:\/\/shop.larus.ch\/fr\/wp-json\/wp\/v2\/types\/product"}],"wp:featuredmedia":[{"embeddable":true,"href":"https:\/\/shop.larus.ch\/fr\/wp-json\/wp\/v2\/media\/324278"}],"wp:attachment":[{"href":"https:\/\/shop.larus.ch\/fr\/wp-json\/wp\/v2\/media?parent=275406"}],"wp:term":[{"taxonomy":"product_cat","embeddable":true,"href":"https:\/\/shop.larus.ch\/fr\/wp-json\/wp\/v2\/product_cat?post=275406"},{"taxonomy":"product_tag","embeddable":true,"href":"https:\/\/shop.larus.ch\/fr\/wp-json\/wp\/v2\/product_tag?post=275406"}],"curies":[{"name":"wp","href":"https:\/\/api.w.org\/{rel}","templated":true}]}}