{"id":275307,"date":"2021-02-25T04:01:33","date_gmt":"2021-02-25T03:01:33","guid":{"rendered":"https:\/\/shop.larus.ch\/product\/maisonnette-de-jeux\/"},"modified":"2026-04-19T03:15:22","modified_gmt":"2026-04-19T01:15:22","slug":"maisonnette-de-jeux","status":"publish","type":"product","link":"https:\/\/shop.larus.ch\/fr\/product\/maisonnette-de-jeux\/","title":{"rendered":"Maisonnette de jeux"},"content":{"rendered":"<p>Maisonnette de jeux Juna<br \/>Kit complet<br \/>Conception robuste en panneaux naturels \u00e0 rainures et languettes,comprenant panneau avec horloge murale et mat\u00e9riel de montage,cadre en bois rouge,pignon de toit,b\u00e2che de toit en tissu polyester,cert. Oeko-Tex<\/p>\n","protected":false},"excerpt":{"rendered":"<p>Maisonnette de jeux Juna<br \/>Kit complet<br \/>Conception robuste en panneaux naturels \u00e0 rainures et languettes,comprenant panneau avec horloge murale et mat\u00e9riel de montage,cadre en bois rouge,pignon de toit,b\u00e2che de toit en tissu polyester,cert. Oeko-Tex<\/p>\n","protected":false},"featured_media":323655,"template":"","meta":[],"product_cat":[59397],"product_tag":[],"_links":{"self":[{"href":"https:\/\/shop.larus.ch\/fr\/wp-json\/wp\/v2\/product\/275307"}],"collection":[{"href":"https:\/\/shop.larus.ch\/fr\/wp-json\/wp\/v2\/product"}],"about":[{"href":"https:\/\/shop.larus.ch\/fr\/wp-json\/wp\/v2\/types\/product"}],"wp:featuredmedia":[{"embeddable":true,"href":"https:\/\/shop.larus.ch\/fr\/wp-json\/wp\/v2\/media\/323655"}],"wp:attachment":[{"href":"https:\/\/shop.larus.ch\/fr\/wp-json\/wp\/v2\/media?parent=275307"}],"wp:term":[{"taxonomy":"product_cat","embeddable":true,"href":"https:\/\/shop.larus.ch\/fr\/wp-json\/wp\/v2\/product_cat?post=275307"},{"taxonomy":"product_tag","embeddable":true,"href":"https:\/\/shop.larus.ch\/fr\/wp-json\/wp\/v2\/product_tag?post=275307"}],"curies":[{"name":"wp","href":"https:\/\/api.w.org\/{rel}","templated":true}]}}