{"id":275283,"date":"2021-02-25T03:55:10","date_gmt":"2021-02-25T02:55:10","guid":{"rendered":"https:\/\/shop.larus.ch\/product\/montants-en-acier-t-porte\/"},"modified":"2026-04-16T03:06:48","modified_gmt":"2026-04-16T01:06:48","slug":"montants-en-acier-t-porte","status":"publish","type":"product","link":"https:\/\/shop.larus.ch\/fr\/product\/montants-en-acier-t-porte\/","title":{"rendered":"Montants en acier T porte"},"content":{"rendered":"<p>Montants en acier T galvanis\u00e9s \u00e0 chaud (sans raccords), pour hauteur de la porte \u00e0 120 cm &#8211; sans per\u00e7age<\/p>\n","protected":false},"excerpt":{"rendered":"<p>Montants en acier T galvanis\u00e9s \u00e0 chaud (sans raccords), pour hauteur de la porte \u00e0 120 cm &#8211; sans per\u00e7age<\/p>\n","protected":false},"featured_media":324592,"template":"","meta":[],"product_cat":[59289],"product_tag":[],"_links":{"self":[{"href":"https:\/\/shop.larus.ch\/fr\/wp-json\/wp\/v2\/product\/275283"}],"collection":[{"href":"https:\/\/shop.larus.ch\/fr\/wp-json\/wp\/v2\/product"}],"about":[{"href":"https:\/\/shop.larus.ch\/fr\/wp-json\/wp\/v2\/types\/product"}],"wp:featuredmedia":[{"embeddable":true,"href":"https:\/\/shop.larus.ch\/fr\/wp-json\/wp\/v2\/media\/324592"}],"wp:attachment":[{"href":"https:\/\/shop.larus.ch\/fr\/wp-json\/wp\/v2\/media?parent=275283"}],"wp:term":[{"taxonomy":"product_cat","embeddable":true,"href":"https:\/\/shop.larus.ch\/fr\/wp-json\/wp\/v2\/product_cat?post=275283"},{"taxonomy":"product_tag","embeddable":true,"href":"https:\/\/shop.larus.ch\/fr\/wp-json\/wp\/v2\/product_tag?post=275283"}],"curies":[{"name":"wp","href":"https:\/\/api.w.org\/{rel}","templated":true}]}}