{"id":275279,"date":"2021-02-25T03:55:10","date_gmt":"2021-02-25T02:55:10","guid":{"rendered":"https:\/\/shop.larus.ch\/product\/montants-en-acier-t\/"},"modified":"2026-04-16T03:11:23","modified_gmt":"2026-04-16T01:11:23","slug":"montants-en-acier-t","status":"publish","type":"product","link":"https:\/\/shop.larus.ch\/fr\/product\/montants-en-acier-t\/","title":{"rendered":"Montants en acier T"},"content":{"rendered":"<p>Montants en acier T galvanis\u00e9s \u00e0 chaud (sans raccords) pour cl\u00f4ture de palissade \u00e0 h 120 cm, sans per\u00e7age<\/p>\n","protected":false},"excerpt":{"rendered":"<p>Montants en acier T galvanis\u00e9s \u00e0 chaud (sans raccords) pour cl\u00f4ture de palissade \u00e0 h 120 cm, sans per\u00e7age<\/p>\n","protected":false},"featured_media":324970,"template":"","meta":[],"product_cat":[59289],"product_tag":[],"_links":{"self":[{"href":"https:\/\/shop.larus.ch\/fr\/wp-json\/wp\/v2\/product\/275279"}],"collection":[{"href":"https:\/\/shop.larus.ch\/fr\/wp-json\/wp\/v2\/product"}],"about":[{"href":"https:\/\/shop.larus.ch\/fr\/wp-json\/wp\/v2\/types\/product"}],"wp:featuredmedia":[{"embeddable":true,"href":"https:\/\/shop.larus.ch\/fr\/wp-json\/wp\/v2\/media\/324970"}],"wp:attachment":[{"href":"https:\/\/shop.larus.ch\/fr\/wp-json\/wp\/v2\/media?parent=275279"}],"wp:term":[{"taxonomy":"product_cat","embeddable":true,"href":"https:\/\/shop.larus.ch\/fr\/wp-json\/wp\/v2\/product_cat?post=275279"},{"taxonomy":"product_tag","embeddable":true,"href":"https:\/\/shop.larus.ch\/fr\/wp-json\/wp\/v2\/product_tag?post=275279"}],"curies":[{"name":"wp","href":"https:\/\/api.w.org\/{rel}","templated":true}]}}