{"id":269949,"date":"2020-04-09T04:11:21","date_gmt":"2020-04-09T02:11:21","guid":{"rendered":"https:\/\/shop.larus.ch\/product\/boulons-tte-fraise\/"},"modified":"2026-04-16T03:16:19","modified_gmt":"2026-04-16T01:16:19","slug":"boulons-tte-fraise","status":"publish","type":"product","link":"https:\/\/shop.larus.ch\/fr\/product\/boulons-tte-fraise\/","title":{"rendered":"Boulons \u00e0 t\u00eate frais\u00e9e"},"content":{"rendered":"<p>Boulons \u00e0 t\u00eate frais\u00e9e <\/p>\n","protected":false},"excerpt":{"rendered":"<p>Boulons \u00e0 t\u00eate frais\u00e9e <\/p>\n","protected":false},"featured_media":325388,"template":"","meta":[],"product_cat":[60353],"product_tag":[],"_links":{"self":[{"href":"https:\/\/shop.larus.ch\/fr\/wp-json\/wp\/v2\/product\/269949"}],"collection":[{"href":"https:\/\/shop.larus.ch\/fr\/wp-json\/wp\/v2\/product"}],"about":[{"href":"https:\/\/shop.larus.ch\/fr\/wp-json\/wp\/v2\/types\/product"}],"wp:featuredmedia":[{"embeddable":true,"href":"https:\/\/shop.larus.ch\/fr\/wp-json\/wp\/v2\/media\/325388"}],"wp:attachment":[{"href":"https:\/\/shop.larus.ch\/fr\/wp-json\/wp\/v2\/media?parent=269949"}],"wp:term":[{"taxonomy":"product_cat","embeddable":true,"href":"https:\/\/shop.larus.ch\/fr\/wp-json\/wp\/v2\/product_cat?post=269949"},{"taxonomy":"product_tag","embeddable":true,"href":"https:\/\/shop.larus.ch\/fr\/wp-json\/wp\/v2\/product_tag?post=269949"}],"curies":[{"name":"wp","href":"https:\/\/api.w.org\/{rel}","templated":true}]}}