{"id":269947,"date":"2020-04-09T04:11:20","date_gmt":"2020-04-09T02:11:20","guid":{"rendered":"https:\/\/shop.larus.ch\/product\/boulons-tte-fraise\/"},"modified":"2026-04-16T03:07:01","modified_gmt":"2026-04-16T01:07:01","slug":"boulons-tte-fraise-5","status":"publish","type":"product","link":"https:\/\/shop.larus.ch\/fr\/product\/boulons-tte-fraise-5\/","title":{"rendered":"Boulons \u00e0 t\u00eate frais\u00e9e"},"content":{"rendered":"<p>Boulons \u00e0 t\u00eate frais\u00e9e <br \/>paquet \u00e0 50 pi\u00e8ces<\/p>\n","protected":false},"excerpt":{"rendered":"<p>Boulons \u00e0 t\u00eate frais\u00e9e <br \/>paquet \u00e0 50 pi\u00e8ces<\/p>\n","protected":false},"featured_media":324648,"template":"","meta":[],"product_cat":[60353],"product_tag":[],"_links":{"self":[{"href":"https:\/\/shop.larus.ch\/fr\/wp-json\/wp\/v2\/product\/269947"}],"collection":[{"href":"https:\/\/shop.larus.ch\/fr\/wp-json\/wp\/v2\/product"}],"about":[{"href":"https:\/\/shop.larus.ch\/fr\/wp-json\/wp\/v2\/types\/product"}],"wp:featuredmedia":[{"embeddable":true,"href":"https:\/\/shop.larus.ch\/fr\/wp-json\/wp\/v2\/media\/324648"}],"wp:attachment":[{"href":"https:\/\/shop.larus.ch\/fr\/wp-json\/wp\/v2\/media?parent=269947"}],"wp:term":[{"taxonomy":"product_cat","embeddable":true,"href":"https:\/\/shop.larus.ch\/fr\/wp-json\/wp\/v2\/product_cat?post=269947"},{"taxonomy":"product_tag","embeddable":true,"href":"https:\/\/shop.larus.ch\/fr\/wp-json\/wp\/v2\/product_tag?post=269947"}],"curies":[{"name":"wp","href":"https:\/\/api.w.org\/{rel}","templated":true}]}}