{"id":269945,"date":"2020-04-09T04:11:19","date_gmt":"2020-04-09T02:11:19","guid":{"rendered":"https:\/\/shop.larus.ch\/product\/boulons-tte-fraise\/"},"modified":"2026-04-16T03:20:41","modified_gmt":"2026-04-16T01:20:41","slug":"boulons-tte-fraise-4","status":"publish","type":"product","link":"https:\/\/shop.larus.ch\/fr\/product\/boulons-tte-fraise-4\/","title":{"rendered":"Boulons \u00e0 t\u00eate frais\u00e9e"},"content":{"rendered":"<p>Boulons \u00e0 t\u00eate frais\u00e9e <\/p>\n","protected":false},"excerpt":{"rendered":"<p>Boulons \u00e0 t\u00eate frais\u00e9e <\/p>\n","protected":false},"featured_media":325704,"template":"","meta":[],"product_cat":[60353],"product_tag":[],"_links":{"self":[{"href":"https:\/\/shop.larus.ch\/fr\/wp-json\/wp\/v2\/product\/269945"}],"collection":[{"href":"https:\/\/shop.larus.ch\/fr\/wp-json\/wp\/v2\/product"}],"about":[{"href":"https:\/\/shop.larus.ch\/fr\/wp-json\/wp\/v2\/types\/product"}],"wp:featuredmedia":[{"embeddable":true,"href":"https:\/\/shop.larus.ch\/fr\/wp-json\/wp\/v2\/media\/325704"}],"wp:attachment":[{"href":"https:\/\/shop.larus.ch\/fr\/wp-json\/wp\/v2\/media?parent=269945"}],"wp:term":[{"taxonomy":"product_cat","embeddable":true,"href":"https:\/\/shop.larus.ch\/fr\/wp-json\/wp\/v2\/product_cat?post=269945"},{"taxonomy":"product_tag","embeddable":true,"href":"https:\/\/shop.larus.ch\/fr\/wp-json\/wp\/v2\/product_tag?post=269945"}],"curies":[{"name":"wp","href":"https:\/\/api.w.org\/{rel}","templated":true}]}}