{"id":265920,"date":"2020-03-27T04:11:03","date_gmt":"2020-03-27T03:11:03","guid":{"rendered":"https:\/\/shop.larus.ch\/product\/265920\/"},"modified":"2026-04-16T03:06:48","modified_gmt":"2026-04-16T01:06:48","slug":"265920","status":"publish","type":"product","link":"https:\/\/shop.larus.ch\/fr\/product\/265920\/","title":{"rendered":""},"content":{"rendered":"<p>Poign\u00e9e m\u00e9tallique \u00e0 bascule en tube d\u00b4acier inoxydable<\/p>\n","protected":false},"excerpt":{"rendered":"<p>Poign\u00e9e m\u00e9tallique \u00e0 bascule en tube d\u00b4acier inoxydable<\/p>\n","protected":false},"featured_media":324590,"template":"","meta":[],"product_cat":[59395],"product_tag":[],"_links":{"self":[{"href":"https:\/\/shop.larus.ch\/fr\/wp-json\/wp\/v2\/product\/265920"}],"collection":[{"href":"https:\/\/shop.larus.ch\/fr\/wp-json\/wp\/v2\/product"}],"about":[{"href":"https:\/\/shop.larus.ch\/fr\/wp-json\/wp\/v2\/types\/product"}],"wp:featuredmedia":[{"embeddable":true,"href":"https:\/\/shop.larus.ch\/fr\/wp-json\/wp\/v2\/media\/324590"}],"wp:attachment":[{"href":"https:\/\/shop.larus.ch\/fr\/wp-json\/wp\/v2\/media?parent=265920"}],"wp:term":[{"taxonomy":"product_cat","embeddable":true,"href":"https:\/\/shop.larus.ch\/fr\/wp-json\/wp\/v2\/product_cat?post=265920"},{"taxonomy":"product_tag","embeddable":true,"href":"https:\/\/shop.larus.ch\/fr\/wp-json\/wp\/v2\/product_tag?post=265920"}],"curies":[{"name":"wp","href":"https:\/\/api.w.org\/{rel}","templated":true}]}}