{"id":261300,"date":"2019-04-30T05:02:43","date_gmt":"2019-04-30T03:02:43","guid":{"rendered":"https:\/\/shop.larus.ch\/product\/sige-de-balanoire-en-caoutchouc\/"},"modified":"2026-04-16T03:15:20","modified_gmt":"2026-04-16T01:15:20","slug":"sige-de-balanoire-en-caoutchouc","status":"publish","type":"product","link":"https:\/\/shop.larus.ch\/fr\/product\/sige-de-balanoire-en-caoutchouc\/","title":{"rendered":"Si\u00e8ge de balan\u00e7oire en caoutchouc"},"content":{"rendered":"<p>Si\u00e8ge de balan\u00e7oire en caoutchouc<br \/>renforc\u00e9 avec plaque en m\u00e9tal, corde PP \u00d8 10 mm<br \/>(convient \u00e0 l\u00b4 usage priv\u00e9)<\/p>\n","protected":false},"excerpt":{"rendered":"<p>Si\u00e8ge de balan\u00e7oire en caoutchouc<br \/>renforc\u00e9 avec plaque en m\u00e9tal, corde PP \u00d8 10 mm<br \/>(convient \u00e0 l\u00b4 usage priv\u00e9)<\/p>\n","protected":false},"featured_media":325170,"template":"","meta":[],"product_cat":[59403],"product_tag":[],"_links":{"self":[{"href":"https:\/\/shop.larus.ch\/fr\/wp-json\/wp\/v2\/product\/261300"}],"collection":[{"href":"https:\/\/shop.larus.ch\/fr\/wp-json\/wp\/v2\/product"}],"about":[{"href":"https:\/\/shop.larus.ch\/fr\/wp-json\/wp\/v2\/types\/product"}],"wp:featuredmedia":[{"embeddable":true,"href":"https:\/\/shop.larus.ch\/fr\/wp-json\/wp\/v2\/media\/325170"}],"wp:attachment":[{"href":"https:\/\/shop.larus.ch\/fr\/wp-json\/wp\/v2\/media?parent=261300"}],"wp:term":[{"taxonomy":"product_cat","embeddable":true,"href":"https:\/\/shop.larus.ch\/fr\/wp-json\/wp\/v2\/product_cat?post=261300"},{"taxonomy":"product_tag","embeddable":true,"href":"https:\/\/shop.larus.ch\/fr\/wp-json\/wp\/v2\/product_tag?post=261300"}],"curies":[{"name":"wp","href":"https:\/\/api.w.org\/{rel}","templated":true}]}}