{"id":261280,"date":"2019-04-30T04:53:23","date_gmt":"2019-04-30T02:53:23","guid":{"rendered":"https:\/\/shop.larus.ch\/product\/barre-de-glissement-verd\/"},"modified":"2026-04-19T03:20:08","modified_gmt":"2026-04-19T01:20:08","slug":"barre-de-glissement-verd-2","status":"publish","type":"product","link":"https:\/\/shop.larus.ch\/fr\/product\/barre-de-glissement-verd-2\/","title":{"rendered":"Barre de glissement verd."},"content":{"rendered":"<p>Barres de glissement<br \/>frais\u00e9 cylindrique, d\u00b4 un c\u00f4t\u00e9 avec per\u00e7age pour blocage, chanfrein\u00e9 des deux c\u00f4t\u00e9s, impr\u00e9gn\u00e9 verd\u00e2tre<\/p>\n","protected":false},"excerpt":{"rendered":"<p>Barres de glissement<br \/>frais\u00e9 cylindrique, d\u00b4 un c\u00f4t\u00e9 avec per\u00e7age pour blocage, chanfrein\u00e9 des deux c\u00f4t\u00e9s, impr\u00e9gn\u00e9 verd\u00e2tre<\/p>\n","protected":false},"featured_media":326080,"template":"","meta":[],"product_cat":[60249],"product_tag":[],"_links":{"self":[{"href":"https:\/\/shop.larus.ch\/fr\/wp-json\/wp\/v2\/product\/261280"}],"collection":[{"href":"https:\/\/shop.larus.ch\/fr\/wp-json\/wp\/v2\/product"}],"about":[{"href":"https:\/\/shop.larus.ch\/fr\/wp-json\/wp\/v2\/types\/product"}],"wp:featuredmedia":[{"embeddable":true,"href":"https:\/\/shop.larus.ch\/fr\/wp-json\/wp\/v2\/media\/326080"}],"wp:attachment":[{"href":"https:\/\/shop.larus.ch\/fr\/wp-json\/wp\/v2\/media?parent=261280"}],"wp:term":[{"taxonomy":"product_cat","embeddable":true,"href":"https:\/\/shop.larus.ch\/fr\/wp-json\/wp\/v2\/product_cat?post=261280"},{"taxonomy":"product_tag","embeddable":true,"href":"https:\/\/shop.larus.ch\/fr\/wp-json\/wp\/v2\/product_tag?post=261280"}],"curies":[{"name":"wp","href":"https:\/\/api.w.org\/{rel}","templated":true}]}}