{"id":261276,"date":"2019-04-30T04:53:21","date_gmt":"2019-04-30T02:53:21","guid":{"rendered":"https:\/\/shop.larus.ch\/product\/barre-de-glissement-brun\/"},"modified":"2026-04-16T03:21:51","modified_gmt":"2026-04-16T01:21:51","slug":"barre-de-glissement-brun","status":"publish","type":"product","link":"https:\/\/shop.larus.ch\/fr\/product\/barre-de-glissement-brun\/","title":{"rendered":"Barre de glissement brun"},"content":{"rendered":"<p>Barres de glissement<br \/>frais\u00e9 cylindrique, d\u00b4 un c\u00f4t\u00e9 avec per\u00e7age pour blocage, chanfrein\u00e9 des deux c\u00f4t\u00e9s, impr\u00e9gn\u00e9 brun<\/p>\n","protected":false},"excerpt":{"rendered":"<p>Barres de glissement<br \/>frais\u00e9 cylindrique, d\u00b4 un c\u00f4t\u00e9 avec per\u00e7age pour blocage, chanfrein\u00e9 des deux c\u00f4t\u00e9s, impr\u00e9gn\u00e9 brun<\/p>\n","protected":false},"featured_media":325970,"template":"","meta":[],"product_cat":[60249],"product_tag":[],"_links":{"self":[{"href":"https:\/\/shop.larus.ch\/fr\/wp-json\/wp\/v2\/product\/261276"}],"collection":[{"href":"https:\/\/shop.larus.ch\/fr\/wp-json\/wp\/v2\/product"}],"about":[{"href":"https:\/\/shop.larus.ch\/fr\/wp-json\/wp\/v2\/types\/product"}],"wp:featuredmedia":[{"embeddable":true,"href":"https:\/\/shop.larus.ch\/fr\/wp-json\/wp\/v2\/media\/325970"}],"wp:attachment":[{"href":"https:\/\/shop.larus.ch\/fr\/wp-json\/wp\/v2\/media?parent=261276"}],"wp:term":[{"taxonomy":"product_cat","embeddable":true,"href":"https:\/\/shop.larus.ch\/fr\/wp-json\/wp\/v2\/product_cat?post=261276"},{"taxonomy":"product_tag","embeddable":true,"href":"https:\/\/shop.larus.ch\/fr\/wp-json\/wp\/v2\/product_tag?post=261276"}],"curies":[{"name":"wp","href":"https:\/\/api.w.org\/{rel}","templated":true}]}}