{"id":261228,"date":"2019-04-30T04:50:46","date_gmt":"2019-04-30T02:50:46","guid":{"rendered":"https:\/\/shop.larus.ch\/product\/etais-en-mlze\/"},"modified":"2026-04-19T03:01:17","modified_gmt":"2026-04-19T01:01:17","slug":"etais-en-mlze-3","status":"publish","type":"product","link":"https:\/\/shop.larus.ch\/fr\/product\/etais-en-mlze-3\/","title":{"rendered":"Etais en m\u00e9l\u00e8ze"},"content":{"rendered":"<p>Etais en m\u00e9l\u00e8ze<br \/>impr\u00e9gn\u00e9 brun<\/p>\n","protected":false},"excerpt":{"rendered":"<p>Etais en m\u00e9l\u00e8ze<br \/>impr\u00e9gn\u00e9 brun<\/p>\n","protected":false},"featured_media":324454,"template":"","meta":[],"product_cat":[60241],"product_tag":[],"_links":{"self":[{"href":"https:\/\/shop.larus.ch\/fr\/wp-json\/wp\/v2\/product\/261228"}],"collection":[{"href":"https:\/\/shop.larus.ch\/fr\/wp-json\/wp\/v2\/product"}],"about":[{"href":"https:\/\/shop.larus.ch\/fr\/wp-json\/wp\/v2\/types\/product"}],"wp:featuredmedia":[{"embeddable":true,"href":"https:\/\/shop.larus.ch\/fr\/wp-json\/wp\/v2\/media\/324454"}],"wp:attachment":[{"href":"https:\/\/shop.larus.ch\/fr\/wp-json\/wp\/v2\/media?parent=261228"}],"wp:term":[{"taxonomy":"product_cat","embeddable":true,"href":"https:\/\/shop.larus.ch\/fr\/wp-json\/wp\/v2\/product_cat?post=261228"},{"taxonomy":"product_tag","embeddable":true,"href":"https:\/\/shop.larus.ch\/fr\/wp-json\/wp\/v2\/product_tag?post=261228"}],"curies":[{"name":"wp","href":"https:\/\/api.w.org\/{rel}","templated":true}]}}