{"id":261222,"date":"2019-04-30T04:50:30","date_gmt":"2019-04-30T02:50:30","guid":{"rendered":"https:\/\/shop.larus.ch\/product\/poteaux-en-mlze-brun\/"},"modified":"2026-04-19T03:06:13","modified_gmt":"2026-04-19T01:06:13","slug":"poteaux-en-mlze-brun","status":"publish","type":"product","link":"https:\/\/shop.larus.ch\/fr\/product\/poteaux-en-mlze-brun\/","title":{"rendered":"Poteaux en m\u00e9l\u00e8ze brun"},"content":{"rendered":"<p>Poteaux en m\u00e9l\u00e8ze<br \/>impr\u00e9gn\u00e9 brun, pointu, sci\u00e9<\/p>\n","protected":false},"excerpt":{"rendered":"<p>Poteaux en m\u00e9l\u00e8ze<br \/>impr\u00e9gn\u00e9 brun, pointu, sci\u00e9<\/p>\n","protected":false},"featured_media":323055,"template":"","meta":[],"product_cat":[59345],"product_tag":[],"_links":{"self":[{"href":"https:\/\/shop.larus.ch\/fr\/wp-json\/wp\/v2\/product\/261222"}],"collection":[{"href":"https:\/\/shop.larus.ch\/fr\/wp-json\/wp\/v2\/product"}],"about":[{"href":"https:\/\/shop.larus.ch\/fr\/wp-json\/wp\/v2\/types\/product"}],"wp:featuredmedia":[{"embeddable":true,"href":"https:\/\/shop.larus.ch\/fr\/wp-json\/wp\/v2\/media\/323055"}],"wp:attachment":[{"href":"https:\/\/shop.larus.ch\/fr\/wp-json\/wp\/v2\/media?parent=261222"}],"wp:term":[{"taxonomy":"product_cat","embeddable":true,"href":"https:\/\/shop.larus.ch\/fr\/wp-json\/wp\/v2\/product_cat?post=261222"},{"taxonomy":"product_tag","embeddable":true,"href":"https:\/\/shop.larus.ch\/fr\/wp-json\/wp\/v2\/product_tag?post=261222"}],"curies":[{"name":"wp","href":"https:\/\/api.w.org\/{rel}","templated":true}]}}