{"id":261214,"date":"2019-04-30T04:47:37","date_gmt":"2019-04-30T02:47:37","guid":{"rendered":"https:\/\/shop.larus.ch\/product\/seuils-en-sci\/"},"modified":"2026-04-16T03:20:48","modified_gmt":"2026-04-16T01:20:48","slug":"seuils-en-sci","status":"publish","type":"product","link":"https:\/\/shop.larus.ch\/fr\/product\/seuils-en-sci\/","title":{"rendered":"Seuils en sci\u00e9"},"content":{"rendered":"<p>Traverses en ch\u00eane, sci\u00e9, naturel, d\u00e9grossis<\/p>\n","protected":false},"excerpt":{"rendered":"<p>Traverses en ch\u00eane, sci\u00e9, naturel, d\u00e9grossis<\/p>\n","protected":false},"featured_media":325736,"template":"","meta":[],"product_cat":[60239],"product_tag":[],"_links":{"self":[{"href":"https:\/\/shop.larus.ch\/fr\/wp-json\/wp\/v2\/product\/261214"}],"collection":[{"href":"https:\/\/shop.larus.ch\/fr\/wp-json\/wp\/v2\/product"}],"about":[{"href":"https:\/\/shop.larus.ch\/fr\/wp-json\/wp\/v2\/types\/product"}],"wp:featuredmedia":[{"embeddable":true,"href":"https:\/\/shop.larus.ch\/fr\/wp-json\/wp\/v2\/media\/325736"}],"wp:attachment":[{"href":"https:\/\/shop.larus.ch\/fr\/wp-json\/wp\/v2\/media?parent=261214"}],"wp:term":[{"taxonomy":"product_cat","embeddable":true,"href":"https:\/\/shop.larus.ch\/fr\/wp-json\/wp\/v2\/product_cat?post=261214"},{"taxonomy":"product_tag","embeddable":true,"href":"https:\/\/shop.larus.ch\/fr\/wp-json\/wp\/v2\/product_tag?post=261214"}],"curies":[{"name":"wp","href":"https:\/\/api.w.org\/{rel}","templated":true}]}}