{"id":261198,"date":"2019-04-30T04:46:30","date_gmt":"2019-04-30T02:46:30","guid":{"rendered":"https:\/\/shop.larus.ch\/product\/planchers-en-bois-de-mlze-naturel\/"},"modified":"2026-04-16T03:05:26","modified_gmt":"2026-04-16T01:05:26","slug":"planchers-en-bois-de-mlze-naturel-2","status":"publish","type":"product","link":"https:\/\/shop.larus.ch\/fr\/product\/planchers-en-bois-de-mlze-naturel-2\/","title":{"rendered":"Planchers en bois de m\u00e9l\u00e8ze naturel"},"content":{"rendered":"<p>Planchers en bois de m\u00e9l\u00e8ze naturel<br \/>1 c\u00f4t\u00e9 rainur\u00e9, 1 c\u00f4t\u00e9 stri\u00e9, c\u00f4tes longitudinaux l\u00e9g\u00e8rement chanfrein\u00e9s, avec rainure pour connecteur<\/p>\n","protected":false},"excerpt":{"rendered":"<p>Planchers en bois de m\u00e9l\u00e8ze naturel<br \/>1 c\u00f4t\u00e9 rainur\u00e9, 1 c\u00f4t\u00e9 stri\u00e9, c\u00f4tes longitudinaux l\u00e9g\u00e8rement chanfrein\u00e9s, avec rainure pour connecteur<\/p>\n","protected":false},"featured_media":324246,"template":"","meta":[],"product_cat":[59309],"product_tag":[],"_links":{"self":[{"href":"https:\/\/shop.larus.ch\/fr\/wp-json\/wp\/v2\/product\/261198"}],"collection":[{"href":"https:\/\/shop.larus.ch\/fr\/wp-json\/wp\/v2\/product"}],"about":[{"href":"https:\/\/shop.larus.ch\/fr\/wp-json\/wp\/v2\/types\/product"}],"wp:featuredmedia":[{"embeddable":true,"href":"https:\/\/shop.larus.ch\/fr\/wp-json\/wp\/v2\/media\/324246"}],"wp:attachment":[{"href":"https:\/\/shop.larus.ch\/fr\/wp-json\/wp\/v2\/media?parent=261198"}],"wp:term":[{"taxonomy":"product_cat","embeddable":true,"href":"https:\/\/shop.larus.ch\/fr\/wp-json\/wp\/v2\/product_cat?post=261198"},{"taxonomy":"product_tag","embeddable":true,"href":"https:\/\/shop.larus.ch\/fr\/wp-json\/wp\/v2\/product_tag?post=261198"}],"curies":[{"name":"wp","href":"https:\/\/api.w.org\/{rel}","templated":true}]}}