{"id":261166,"date":"2019-04-30T04:16:47","date_gmt":"2019-04-30T02:16:47","guid":{"rendered":"https:\/\/shop.larus.ch\/product\/lattes\/"},"modified":"2026-04-21T03:01:09","modified_gmt":"2026-04-21T01:01:09","slug":"lattes-16","status":"publish","type":"product","link":"https:\/\/shop.larus.ch\/fr\/product\/lattes-16\/","title":{"rendered":"Lattes"},"content":{"rendered":"<p>Lattes<br \/>impr\u00e9gn\u00e9 brun, t\u00eate no. 3<br \/>(arrondi)<\/p>\n","protected":false},"excerpt":{"rendered":"<p>Lattes<br \/>impr\u00e9gn\u00e9 brun, t\u00eate no. 3<br \/>(arrondi)<\/p>\n","protected":false},"featured_media":324422,"template":"","meta":[],"product_cat":[59185],"product_tag":[],"_links":{"self":[{"href":"https:\/\/shop.larus.ch\/fr\/wp-json\/wp\/v2\/product\/261166"}],"collection":[{"href":"https:\/\/shop.larus.ch\/fr\/wp-json\/wp\/v2\/product"}],"about":[{"href":"https:\/\/shop.larus.ch\/fr\/wp-json\/wp\/v2\/types\/product"}],"wp:featuredmedia":[{"embeddable":true,"href":"https:\/\/shop.larus.ch\/fr\/wp-json\/wp\/v2\/media\/324422"}],"wp:attachment":[{"href":"https:\/\/shop.larus.ch\/fr\/wp-json\/wp\/v2\/media?parent=261166"}],"wp:term":[{"taxonomy":"product_cat","embeddable":true,"href":"https:\/\/shop.larus.ch\/fr\/wp-json\/wp\/v2\/product_cat?post=261166"},{"taxonomy":"product_tag","embeddable":true,"href":"https:\/\/shop.larus.ch\/fr\/wp-json\/wp\/v2\/product_tag?post=261166"}],"curies":[{"name":"wp","href":"https:\/\/api.w.org\/{rel}","templated":true}]}}