{"id":261162,"date":"2019-04-30T04:16:45","date_gmt":"2019-04-30T02:16:45","guid":{"rendered":"https:\/\/shop.larus.ch\/product\/lattes\/"},"modified":"2026-04-16T03:15:17","modified_gmt":"2026-04-16T01:15:17","slug":"lattes-15","status":"publish","type":"product","link":"https:\/\/shop.larus.ch\/fr\/product\/lattes-15\/","title":{"rendered":"Lattes"},"content":{"rendered":"<p>Lattes<br \/>impr\u00e9gn\u00e9 brun, t\u00eate no. 3<br \/>(arrondi)<\/p>\n","protected":false},"excerpt":{"rendered":"<p>Lattes<br \/>impr\u00e9gn\u00e9 brun, t\u00eate no. 3<br \/>(arrondi)<\/p>\n","protected":false},"featured_media":325164,"template":"","meta":[],"product_cat":[59185],"product_tag":[],"_links":{"self":[{"href":"https:\/\/shop.larus.ch\/fr\/wp-json\/wp\/v2\/product\/261162"}],"collection":[{"href":"https:\/\/shop.larus.ch\/fr\/wp-json\/wp\/v2\/product"}],"about":[{"href":"https:\/\/shop.larus.ch\/fr\/wp-json\/wp\/v2\/types\/product"}],"wp:featuredmedia":[{"embeddable":true,"href":"https:\/\/shop.larus.ch\/fr\/wp-json\/wp\/v2\/media\/325164"}],"wp:attachment":[{"href":"https:\/\/shop.larus.ch\/fr\/wp-json\/wp\/v2\/media?parent=261162"}],"wp:term":[{"taxonomy":"product_cat","embeddable":true,"href":"https:\/\/shop.larus.ch\/fr\/wp-json\/wp\/v2\/product_cat?post=261162"},{"taxonomy":"product_tag","embeddable":true,"href":"https:\/\/shop.larus.ch\/fr\/wp-json\/wp\/v2\/product_tag?post=261162"}],"curies":[{"name":"wp","href":"https:\/\/api.w.org\/{rel}","templated":true}]}}