{"id":261154,"date":"2019-04-30T04:01:30","date_gmt":"2019-04-30T02:01:30","guid":{"rendered":"https:\/\/shop.larus.ch\/product\/renforcement-pour-montants\/"},"modified":"2026-04-16T03:15:42","modified_gmt":"2026-04-16T01:15:42","slug":"renforcement-pour-montants","status":"publish","type":"product","link":"https:\/\/shop.larus.ch\/fr\/product\/renforcement-pour-montants\/","title":{"rendered":"Renforcement pour montants"},"content":{"rendered":"<p>Renforcement pour montants<br \/>pour renforcement des montants, galvanis\u00e9, pour montant renforc\u00e9, pour b\u00e9tonner<\/p>\n","protected":false},"excerpt":{"rendered":"<p>Renforcement pour montants<br \/>pour renforcement des montants, galvanis\u00e9, pour montant renforc\u00e9, pour b\u00e9tonner<\/p>\n","protected":false},"featured_media":325264,"template":"","meta":[],"product_cat":[60235],"product_tag":[],"_links":{"self":[{"href":"https:\/\/shop.larus.ch\/fr\/wp-json\/wp\/v2\/product\/261154"}],"collection":[{"href":"https:\/\/shop.larus.ch\/fr\/wp-json\/wp\/v2\/product"}],"about":[{"href":"https:\/\/shop.larus.ch\/fr\/wp-json\/wp\/v2\/types\/product"}],"wp:featuredmedia":[{"embeddable":true,"href":"https:\/\/shop.larus.ch\/fr\/wp-json\/wp\/v2\/media\/325264"}],"wp:attachment":[{"href":"https:\/\/shop.larus.ch\/fr\/wp-json\/wp\/v2\/media?parent=261154"}],"wp:term":[{"taxonomy":"product_cat","embeddable":true,"href":"https:\/\/shop.larus.ch\/fr\/wp-json\/wp\/v2\/product_cat?post=261154"},{"taxonomy":"product_tag","embeddable":true,"href":"https:\/\/shop.larus.ch\/fr\/wp-json\/wp\/v2\/product_tag?post=261154"}],"curies":[{"name":"wp","href":"https:\/\/api.w.org\/{rel}","templated":true}]}}