{"id":261054,"date":"2019-04-12T05:05:54","date_gmt":"2019-04-12T03:05:54","guid":{"rendered":"https:\/\/shop.larus.ch\/product\/toit-plat-simple-carport-singapur-color\/"},"modified":"2026-04-19T03:05:12","modified_gmt":"2026-04-19T01:05:12","slug":"toit-plat-simple-carport-singapur-color","status":"publish","type":"product","link":"https:\/\/shop.larus.ch\/fr\/product\/toit-plat-simple-carport-singapur-color\/","title":{"rendered":"Toit plat-simple-carport Wilchingen color\u00e9"},"content":{"rendered":"<p>Toit plat-simple-carport Wilchingen<br \/>en bois lamell\u00e9-coll\u00e9 non trait\u00e9e, color\u00e9, kit de montage avec planches de toit 19 mm, incl. 4 poteaux, pistes soud\u00e9s, set du montage et ancrage forme H L 80 cm<\/p>\n","protected":false},"excerpt":{"rendered":"<p>Toit plat-simple-carport Wilchingen<br \/>en bois lamell\u00e9-coll\u00e9 non trait\u00e9e, color\u00e9, kit de montage avec planches de toit 19 mm, incl. 4 poteaux, pistes soud\u00e9s, set du montage et ancrage forme H L 80 cm<\/p>\n","protected":false},"featured_media":324706,"template":"","meta":[],"product_cat":[60140],"product_tag":[],"_links":{"self":[{"href":"https:\/\/shop.larus.ch\/fr\/wp-json\/wp\/v2\/product\/261054"}],"collection":[{"href":"https:\/\/shop.larus.ch\/fr\/wp-json\/wp\/v2\/product"}],"about":[{"href":"https:\/\/shop.larus.ch\/fr\/wp-json\/wp\/v2\/types\/product"}],"wp:featuredmedia":[{"embeddable":true,"href":"https:\/\/shop.larus.ch\/fr\/wp-json\/wp\/v2\/media\/324706"}],"wp:attachment":[{"href":"https:\/\/shop.larus.ch\/fr\/wp-json\/wp\/v2\/media?parent=261054"}],"wp:term":[{"taxonomy":"product_cat","embeddable":true,"href":"https:\/\/shop.larus.ch\/fr\/wp-json\/wp\/v2\/product_cat?post=261054"},{"taxonomy":"product_tag","embeddable":true,"href":"https:\/\/shop.larus.ch\/fr\/wp-json\/wp\/v2\/product_tag?post=261054"}],"curies":[{"name":"wp","href":"https:\/\/api.w.org\/{rel}","templated":true}]}}