{"id":261038,"date":"2019-04-12T05:05:46","date_gmt":"2019-04-12T03:05:46","guid":{"rendered":"https:\/\/shop.larus.ch\/product\/toit-plat-simple-carport-singapur\/"},"modified":"2026-04-16T03:16:10","modified_gmt":"2026-04-16T01:16:10","slug":"toit-plat-simple-carport-singapur","status":"publish","type":"product","link":"https:\/\/shop.larus.ch\/fr\/product\/toit-plat-simple-carport-singapur\/","title":{"rendered":"Toit plat-simple-carport Wilchingen"},"content":{"rendered":"<p>Toit plat-simple-carport Wilchingen<br \/>en bois lamell\u00e9-coll\u00e9 non trait\u00e9e, kit de montage avec planches de toit 19 mm, incl. 4 poteaux, pistes soud\u00e9s, set du montage et ancrage forme H L 80 cm<\/p>\n","protected":false},"excerpt":{"rendered":"<p>Toit plat-simple-carport Wilchingen<br \/>en bois lamell\u00e9-coll\u00e9 non trait\u00e9e, kit de montage avec planches de toit 19 mm, incl. 4 poteaux, pistes soud\u00e9s, set du montage et ancrage forme H L 80 cm<\/p>\n","protected":false},"featured_media":325364,"template":"","meta":[],"product_cat":[60140],"product_tag":[],"_links":{"self":[{"href":"https:\/\/shop.larus.ch\/fr\/wp-json\/wp\/v2\/product\/261038"}],"collection":[{"href":"https:\/\/shop.larus.ch\/fr\/wp-json\/wp\/v2\/product"}],"about":[{"href":"https:\/\/shop.larus.ch\/fr\/wp-json\/wp\/v2\/types\/product"}],"wp:featuredmedia":[{"embeddable":true,"href":"https:\/\/shop.larus.ch\/fr\/wp-json\/wp\/v2\/media\/325364"}],"wp:attachment":[{"href":"https:\/\/shop.larus.ch\/fr\/wp-json\/wp\/v2\/media?parent=261038"}],"wp:term":[{"taxonomy":"product_cat","embeddable":true,"href":"https:\/\/shop.larus.ch\/fr\/wp-json\/wp\/v2\/product_cat?post=261038"},{"taxonomy":"product_tag","embeddable":true,"href":"https:\/\/shop.larus.ch\/fr\/wp-json\/wp\/v2\/product_tag?post=261038"}],"curies":[{"name":"wp","href":"https:\/\/api.w.org\/{rel}","templated":true}]}}