{"id":261030,"date":"2019-04-12T05:05:32","date_gmt":"2019-04-12T03:05:32","guid":{"rendered":"https:\/\/shop.larus.ch\/product\/paroi-arrire-single-carport\/"},"modified":"2026-04-16T03:15:56","modified_gmt":"2026-04-16T01:15:56","slug":"paroi-arrire-single-carport","status":"publish","type":"product","link":"https:\/\/shop.larus.ch\/fr\/product\/paroi-arrire-single-carport\/","title":{"rendered":"Paroi arri\u00e8re single-Carport"},"content":{"rendered":"<p>Paroi arri\u00e8re pour toit plat-simple-Carport<br \/>impr\u00e9gn\u00e9 verd\u00e2tre<br \/>incl. fixations, 14 mm coffrage<\/p>\n","protected":false},"excerpt":{"rendered":"<p>Paroi arri\u00e8re pour toit plat-simple-Carport<br \/>impr\u00e9gn\u00e9 verd\u00e2tre<br \/>incl. fixations, 14 mm coffrage<\/p>\n","protected":false},"featured_media":325322,"template":"","meta":[],"product_cat":[59491],"product_tag":[],"_links":{"self":[{"href":"https:\/\/shop.larus.ch\/fr\/wp-json\/wp\/v2\/product\/261030"}],"collection":[{"href":"https:\/\/shop.larus.ch\/fr\/wp-json\/wp\/v2\/product"}],"about":[{"href":"https:\/\/shop.larus.ch\/fr\/wp-json\/wp\/v2\/types\/product"}],"wp:featuredmedia":[{"embeddable":true,"href":"https:\/\/shop.larus.ch\/fr\/wp-json\/wp\/v2\/media\/325322"}],"wp:attachment":[{"href":"https:\/\/shop.larus.ch\/fr\/wp-json\/wp\/v2\/media?parent=261030"}],"wp:term":[{"taxonomy":"product_cat","embeddable":true,"href":"https:\/\/shop.larus.ch\/fr\/wp-json\/wp\/v2\/product_cat?post=261030"},{"taxonomy":"product_tag","embeddable":true,"href":"https:\/\/shop.larus.ch\/fr\/wp-json\/wp\/v2\/product_tag?post=261030"}],"curies":[{"name":"wp","href":"https:\/\/api.w.org\/{rel}","templated":true}]}}